{"id":11550,"date":"2023-05-07T22:28:49","date_gmt":"2023-05-07T22:28:49","guid":{"rendered":"https:\/\/aimdentgmbh.de\/?page_id=11550"},"modified":"2023-05-08T20:55:14","modified_gmt":"2023-05-08T20:55:14","slug":"impressum","status":"publish","type":"page","link":"https:\/\/aimdentgmbh.de\/de\/impressum\/","title":{"rendered":"Impressum"},"content":{"rendered":"<section class=\"wpb-content-wrapper\"><div class=\"vc_row wpb_row vc_row-fluid\"><div class=\"wpb_column vc_column_container vc_col-sm-12\"><div class=\"vc_column-inner\"><div class=\"wpb_wrapper\"><div class=\"vc_empty_space\"   style=\"height: 64px\"><span class=\"vc_empty_space_inner\"><\/span><\/div>\n\t<div class=\"wpb_text_column wpb_content_element\" >\n\t\t<div class=\"wpb_wrapper\">\n\t\t\t<div class=\"aos-init aos-animate\" data-aos=\"fade-up\" data-aos-easing=\"ease-in-out\">\n<div class=\"aos-init aos-animate\" data-aos=\"fade-up\" data-aos-easing=\"ease-in-out\">\n<h5>Aimdent Confectionery GmbH<\/h5>\n<p>Mariaweilerstr. 28-30 52349 D\u00fcren<br \/>\n<strong>Gesch\u00e4ftsf\u00fchrer:<\/strong>\u00a0Abdullah T\u00f6ren<br \/>\n<strong>USt-IdNr.:<\/strong>\u00a0DE 352314170<br \/>\n<strong>Amtsgericht:\u00a0<\/strong>D\u00fcren<\/p>\n<\/div>\n<div class=\"aos-init aos-animate\" data-aos=\"fade-up\" data-aos-easing=\"ease-in-out\">\n<h5>Inhalt dieser Webseite<\/h5>\n<p>Die Inhalte dieser Website werden mit gr\u00f6\u00dftm\u00f6glicher Sorgfalt erstellt. Wir \u00fcbernehmen jedoch keine Gew\u00e4hr f\u00fcr die Richtigkeit, Vollst\u00e4ndigkeit und Aktualit\u00e4t der bereitgestellten Inhalte. Haftungsanspr\u00fcche gegen uns, welche sich auf Sch\u00e4den materieller oder immaterieller Art beziehen, die durch die Nutzung oder Nichtnutzung der dargebotenen Informationen bzw. durch die Nutzung fehlerhafter und unvollst\u00e4ndiger Informationen verursacht wurden, sind grunds\u00e4tzlich ausgeschlossen, sofern unsererseits kein nachweislich vors\u00e4tzliches oder grob fahrl\u00e4ssiges Verschulden vorliegt.<\/p>\n<\/div>\n<div class=\"aos-init aos-animate\" data-aos=\"fade-up\" data-aos-easing=\"ease-in-out\">\n<h5>Verf\u00fcgbarkeit der Website<\/h5>\n<p>Wir werden uns bem\u00fchen, den Dienst m\u00f6glichst unterbrechungsfrei zum Abruf anzubieten. Auch bei aller Sorgfalt k\u00f6nnen aber Ausfallzeiten nicht ausgeschlossen werden. Wir behalten uns das Recht vor, unser Angebot jederzeit zu \u00e4ndern oder einzustellen. F\u00fcr durch nicht fehlerfrei angelegte Dateien oder nicht fehlerfrei strukturierte Formate bedingte Unterbrechungen oder anderweitige St\u00f6rungen k\u00f6nnen wir keine Gew\u00e4hr \u00fcbernehmen.<\/p>\n<\/div>\n<div class=\"aos-init aos-animate\" data-aos=\"fade-up\" data-aos-easing=\"ease-in-out\">\n<h5>Verweise und Links<\/h5>\n<p>Trotz sorgf\u00e4ltiger inhaltlicher Kontrolle \u00fcbernehmen wir keine Haftung f\u00fcr direkte oder indirekte Links. Wir distanzieren uns hiermit ausdr\u00fccklich von fremden Webseiten und deren Inhalte. F\u00fcr den Inhalt der verlinkten Seiten sind ausschlie\u00dflich deren Betreiber verantwortlich.<\/p>\n<\/div>\n<div class=\"aos-init aos-animate\" data-aos=\"fade-up\" data-aos-easing=\"ease-in-out\">\n<h5>Urheberrecht<\/h5>\n<p>Die auf dieser Website ver\u00f6ffentlichten Inhalte unterliegen dem deutschen Urheber- und Leistungsschutzrecht. Die Ver\u00f6ffentlichung im World Wide Web oder in sonstigen Diensten des Internet bedeutet noch keine Einverst\u00e4ndniserkl\u00e4rung f\u00fcr eine anderweitige Nutzung durch Dritte. Jede vom deutschen Urheberrecht nicht zugelassene Verwertung bedarf der vorherigen schriftlichen Zustimmung durch uns oder des jeweiligen Rechteinhabers. Die unerlaubte Vervielf\u00e4ltigung oder Weitergabe einzelner Inhalte oder kompletter Seiten ist nicht gestattet und strafbar.<\/p>\n<\/div>\n<div class=\"aos-init aos-animate\" data-aos=\"fade-up\" data-aos-easing=\"ease-in-out\">\n<h5>Datenschutz<\/h5>\n<p>Sofern innerhalb unserer Homepage die M\u00f6glichkeit zur Eingabe personenbezogener Daten genutzt wird, so erfolgt keinerlei Weitergabe dieser Daten an Dritte. Unter Daten sind beispielsweise die Gesch\u00e4ftsanschrift, ein Name oder eine E-Mailadresse zu verstehen. Die von Ihnen zur Verf\u00fcgung gestellten Daten nutzen wir ausschlie\u00dflich zur Beantwortung Ihrer Anfragen, der Auftragsbearbeitung oder um Ihnen Zugang zu anderweitigen Informationen zu verschaffen.<\/p>\n<\/div>\n<div class=\"aos-init aos-animate\" data-aos=\"fade-up\" data-aos-easing=\"ease-in-out\">\n<h5>Cookies<\/h5>\n<p>An verschiedenen Stellen unseres Webangebots nutzen wir Cookies. Cookies sind kleine Kennungen, die ein Server auf dem Endger\u00e4t, mit dem Sie auf unsere Webseite oder unsere Dienste zugreifen, speichert. Sie enthalten Informationen, die bei einem Zugriff auf unsere Dienste abgerufen werden k\u00f6nnen und so eine effizientere und bessere Nutzung unserer Angebote erm\u00f6glichen.<\/p>\n<p>Wir setzen permanente und sogenannte Session Cookies ein. Session Cookies werden bereits beim Schlie\u00dfen Ihres Webbrowsers gel\u00f6scht. Permanente Cookies verbleiben auf Ihrem Endger\u00e4t, bis sie gel\u00f6scht werden. Die Cookies dienen einer Verbesserung unserer Dienste und der Nutzung bestimmter Features. So kann z.B. der Bestellvorgang einiger Shops ausschlie\u00dflich mit Hilfe von Cookies erm\u00f6glicht werden, dar\u00fcber hinaus werden Cookies unter anderem auch verwendet, um statistische Werte zu unserem Webangebot, beispielsweise \u00fcber die Anzahl der Besucher, zu erheben.<\/p>\n<p>Unsere Webseite nutzt dazu auch Cookies von Drittanbietern, wie zum Beispiel Google Analytics.<\/p>\n<p>Zu keinem Zeitpunkt identifizieren die auf Ihrem Endger\u00e4t platzierten Cookies jedoch den Nutzer selbst, sondern ausschlie\u00dflich das verwendete Ger\u00e4t. Eine Zuordnung der durch die Cookies gespeicherten Informationen zu ggf. von Ihnen bei uns gespeicherten personenbezogenen Daten findet nicht statt. Sie k\u00f6nnen Ihren Browser so einstellen, dass er Sie vor dem Setzen von Cookies informiert oder das Setzen von Cookies blockiert. Unter Umst\u00e4nden sind dann bestimmte Funktionen unseres Webangebots f\u00fcr Sie nicht nutzbar.<\/p>\n<\/div>\n<div class=\"aos-init aos-animate\" data-aos=\"fade-up\" data-aos-easing=\"ease-in-out\">\n<h5>Google Analytics<\/h5>\n<p>Diese Website benutzt Google Analytics, einen Webanalysedienst der Google Inc. (\u201eGoogle\u201c). Google Analytics verwendet sog. \u201eCookies\u201c, Textdateien, die auf Ihrem Computer gespeichert werden und die eine Analyse der Benutzung der Website durch Sie erm\u00f6glichen. Die durch den Cookie erzeugten Informationen \u00fcber Ihre Benutzung dieser Website (einschlie\u00dflich Ihrer IP-Adresse) wird an einen Server von Google in den USA \u00fcbertragen und dort gespeichert. Google wird diese Informationen benutzen, um Ihre Nutzung der Website auszuwerten, um Reports \u00fcber die Websiteaktivit\u00e4ten f\u00fcr die Websitebetreiber zusammenzustellen und um weitere mit der Websitenutzung und der Internetnutzung verbundene Dienstleistungen zu erbringen. Auch wird Google diese Informationen gegebenenfalls an Dritte \u00fcbertragen, sofern dies gesetzlich vorgeschrieben oder soweit Dritte diese Daten im Auftrag von Google verarbeiten. Google wird in keinem Fall Ihre IP-Adresse mit anderen Daten von Google in Verbindung bringen. Sie k\u00f6nnen die Installation der Cookies durch eine entsprechende Einstellung Ihrer Browser Software verhindern; wir weisen Sie jedoch darauf hin, dass Sie in diesem Fall gegebenenfalls nicht s\u00e4mtliche Funktionen dieser Website vollumf\u00e4nglich nutzen k\u00f6nnen. Durch die Nutzung dieser Website erkl\u00e4ren Sie sich mit der Bearbeitung der \u00fcber Sie erhobenen Daten durch Google in der zuvor beschriebenen Art und Weise und zu dem zuvor benannten Zweck einverstanden.<\/p>\n<p>Sie k\u00f6nnen die Speicherung der Cookies durch eine entsprechende Einstellung Ihrer Browser-Software verhindern; wir weisen Sie jedoch darauf hin, dass Sie in diesem Fall gegebenenfalls nicht s\u00e4mtliche Funktionen dieser Website vollumf\u00e4nglich werden nutzen k\u00f6nnen. Sie k\u00f6nnen dar\u00fcber hinaus die Erfassung der durch das Cookie erzeugten und auf Ihre Nutzung der Website bezogenen Daten (inkl. Ihrer IP-Adresse) an Google sowie die Verarbeitung dieser Daten durch Google verhindern, indem sie das unter dem folgenden Link verf\u00fcgbare Browser-Plugin herunterladen und installieren:\u00a0<a href=\"https:\/\/tools.google.com\/dlpage\/gaoptout?hl=de\" target=\"_blank\" rel=\"noopener\">https:\/\/tools.google.com\/dlpage\/gaoptout?hl=de<\/a>.<\/p>\n<\/div>\n<div class=\"aos-init aos-animate\" data-aos=\"fade-up\" data-aos-easing=\"ease-in-out\">\n<h5>Hinweis auf EU-Streitschlichtung<\/h5>\n<p>Die Europ\u00e4ische Kommission stellt eine Plattform zur Online-Streitbeilegung (OS) bereit:\u00a0<a href=\"http:\/\/ec.europa.eu\/consumers\/odr\" target=\"_blank\" rel=\"noopener\">http:\/\/ec.europa.eu\/consumers\/odr<\/a>\u00a0E-Mail-Adresse finden Sie im Impressum und\/oder in den allgemeinen Kontaktdaten, zu finden \u00fcber das Navigationsmen\u00fc.<\/p>\n<\/div>\n<\/div>\n\n\t\t<\/div>\n\t<\/div>\n<div class=\"vc_empty_space\"   style=\"height: 64px\"><span class=\"vc_empty_space_inner\"><\/span><\/div><\/div><\/div><\/div><\/div>\n<\/section>","protected":false},"excerpt":{"rendered":"Aimdent Confectionery GmbH Mariaweilerstr. 28-30 52349 D\u00fcren Gesch\u00e4ftsf\u00fchrer:\u00a0Abdullah T\u00f6ren USt-IdNr.:\u00a0DE 352314170 Amtsgericht:\u00a0D\u00fcren Inhalt dieser Webseite Die Inhalte dieser Website werden mit gr\u00f6\u00dftm\u00f6glicher Sorgfalt erstellt. Wir \u00fcbernehmen jedoch keine Gew\u00e4hr f\u00fcr die Richtigkeit, Vollst\u00e4ndigkeit und Aktualit\u00e4t der bereitgestellten Inhalte. Haftungsanspr\u00fcche gegen [...]","protected":false},"author":1,"featured_media":0,"parent":0,"menu_order":0,"comment_status":"closed","ping_status":"closed","template":"","meta":{"footnotes":""},"class_list":["post-11550","page","type-page","status-publish","hentry"],"yoast_head":"<!-- This site is optimized with the Yoast SEO plugin v20.7 - https:\/\/yoast.com\/wordpress\/plugins\/seo\/ -->\n<title>Impressum - Aimdent Confectionery GmbH<\/title>\n<meta name=\"robots\" content=\"index, follow, max-snippet:-1, max-image-preview:large, max-video-preview:-1\" \/>\n<link rel=\"canonical\" href=\"https:\/\/aimdentgmbh.de\/de\/impressum\/\" \/>\n<meta property=\"og:locale\" content=\"de_DE\" \/>\n<meta property=\"og:type\" content=\"article\" \/>\n<meta property=\"og:title\" content=\"Impressum - Aimdent Confectionery GmbH\" \/>\n<meta property=\"og:url\" content=\"https:\/\/aimdentgmbh.de\/de\/impressum\/\" \/>\n<meta property=\"og:site_name\" content=\"Aimdent Confectionery GmbH\" \/>\n<meta property=\"article:modified_time\" content=\"2023-05-08T20:55:14+00:00\" \/>\n<meta name=\"twitter:card\" content=\"summary_large_image\" \/>\n<meta name=\"twitter:label1\" content=\"Gesch\u00e4tzte Lesezeit\" \/>\n\t<meta name=\"twitter:data1\" content=\"5\u00a0Minuten\" \/>\n<script type=\"application\/ld+json\" class=\"yoast-schema-graph\">{\"@context\":\"https:\/\/schema.org\",\"@graph\":[{\"@type\":\"WebPage\",\"@id\":\"https:\/\/aimdentgmbh.de\/de\/impressum\/\",\"url\":\"https:\/\/aimdentgmbh.de\/de\/impressum\/\",\"name\":\"Impressum - Aimdent Confectionery GmbH\",\"isPartOf\":{\"@id\":\"https:\/\/aimdentgmbh.de\/#website\"},\"datePublished\":\"2023-05-07T22:28:49+00:00\",\"dateModified\":\"2023-05-08T20:55:14+00:00\",\"breadcrumb\":{\"@id\":\"https:\/\/aimdentgmbh.de\/de\/impressum\/#breadcrumb\"},\"inLanguage\":\"de\",\"potentialAction\":[{\"@type\":\"ReadAction\",\"target\":[\"https:\/\/aimdentgmbh.de\/de\/impressum\/\"]}]},{\"@type\":\"BreadcrumbList\",\"@id\":\"https:\/\/aimdentgmbh.de\/de\/impressum\/#breadcrumb\",\"itemListElement\":[{\"@type\":\"ListItem\",\"position\":1,\"name\":\"Home\",\"item\":\"https:\/\/aimdentgmbh.de\/\"},{\"@type\":\"ListItem\",\"position\":2,\"name\":\"Impressum\"}]},{\"@type\":\"WebSite\",\"@id\":\"https:\/\/aimdentgmbh.de\/#website\",\"url\":\"https:\/\/aimdentgmbh.de\/\",\"name\":\"Aimdent Confectionery GmbH\",\"description\":\"Aimdent Confectionery GmbH\",\"publisher\":{\"@id\":\"https:\/\/aimdentgmbh.de\/#organization\"},\"potentialAction\":[{\"@type\":\"SearchAction\",\"target\":{\"@type\":\"EntryPoint\",\"urlTemplate\":\"https:\/\/aimdentgmbh.de\/?s={search_term_string}\"},\"query-input\":\"required name=search_term_string\"}],\"inLanguage\":\"de\"},{\"@type\":\"Organization\",\"@id\":\"https:\/\/aimdentgmbh.de\/#organization\",\"name\":\"Aimdent Confectionery GmbH\",\"url\":\"https:\/\/aimdentgmbh.de\/\",\"logo\":{\"@type\":\"ImageObject\",\"inLanguage\":\"de\",\"@id\":\"https:\/\/aimdentgmbh.de\/#\/schema\/logo\/image\/\",\"url\":\"https:\/\/aimdentgmbh.de\/wp-content\/uploads\/2023\/05\/aimdent-logo.png\",\"contentUrl\":\"https:\/\/aimdentgmbh.de\/wp-content\/uploads\/2023\/05\/aimdent-logo.png\",\"width\":240,\"height\":72,\"caption\":\"Aimdent Confectionery GmbH\"},\"image\":{\"@id\":\"https:\/\/aimdentgmbh.de\/#\/schema\/logo\/image\/\"}}]}<\/script>\n<!-- \/ Yoast SEO plugin. -->","yoast_head_json":{"title":"Impressum - Aimdent Confectionery GmbH","robots":{"index":"index","follow":"follow","max-snippet":"max-snippet:-1","max-image-preview":"max-image-preview:large","max-video-preview":"max-video-preview:-1"},"canonical":"https:\/\/aimdentgmbh.de\/de\/impressum\/","og_locale":"de_DE","og_type":"article","og_title":"Impressum - Aimdent Confectionery GmbH","og_url":"https:\/\/aimdentgmbh.de\/de\/impressum\/","og_site_name":"Aimdent Confectionery GmbH","article_modified_time":"2023-05-08T20:55:14+00:00","twitter_card":"summary_large_image","twitter_misc":{"Gesch\u00e4tzte Lesezeit":"5\u00a0Minuten"},"schema":{"@context":"https:\/\/schema.org","@graph":[{"@type":"WebPage","@id":"https:\/\/aimdentgmbh.de\/de\/impressum\/","url":"https:\/\/aimdentgmbh.de\/de\/impressum\/","name":"Impressum - Aimdent Confectionery GmbH","isPartOf":{"@id":"https:\/\/aimdentgmbh.de\/#website"},"datePublished":"2023-05-07T22:28:49+00:00","dateModified":"2023-05-08T20:55:14+00:00","breadcrumb":{"@id":"https:\/\/aimdentgmbh.de\/de\/impressum\/#breadcrumb"},"inLanguage":"de","potentialAction":[{"@type":"ReadAction","target":["https:\/\/aimdentgmbh.de\/de\/impressum\/"]}]},{"@type":"BreadcrumbList","@id":"https:\/\/aimdentgmbh.de\/de\/impressum\/#breadcrumb","itemListElement":[{"@type":"ListItem","position":1,"name":"Home","item":"https:\/\/aimdentgmbh.de\/"},{"@type":"ListItem","position":2,"name":"Impressum"}]},{"@type":"WebSite","@id":"https:\/\/aimdentgmbh.de\/#website","url":"https:\/\/aimdentgmbh.de\/","name":"Aimdent Confectionery GmbH","description":"Aimdent Confectionery GmbH","publisher":{"@id":"https:\/\/aimdentgmbh.de\/#organization"},"potentialAction":[{"@type":"SearchAction","target":{"@type":"EntryPoint","urlTemplate":"https:\/\/aimdentgmbh.de\/?s={search_term_string}"},"query-input":"required name=search_term_string"}],"inLanguage":"de"},{"@type":"Organization","@id":"https:\/\/aimdentgmbh.de\/#organization","name":"Aimdent Confectionery GmbH","url":"https:\/\/aimdentgmbh.de\/","logo":{"@type":"ImageObject","inLanguage":"de","@id":"https:\/\/aimdentgmbh.de\/#\/schema\/logo\/image\/","url":"https:\/\/aimdentgmbh.de\/wp-content\/uploads\/2023\/05\/aimdent-logo.png","contentUrl":"https:\/\/aimdentgmbh.de\/wp-content\/uploads\/2023\/05\/aimdent-logo.png","width":240,"height":72,"caption":"Aimdent Confectionery GmbH"},"image":{"@id":"https:\/\/aimdentgmbh.de\/#\/schema\/logo\/image\/"}}]}},"_links":{"self":[{"href":"https:\/\/aimdentgmbh.de\/de\/wp-json\/wp\/v2\/pages\/11550","targetHints":{"allow":["GET"]}}],"collection":[{"href":"https:\/\/aimdentgmbh.de\/de\/wp-json\/wp\/v2\/pages"}],"about":[{"href":"https:\/\/aimdentgmbh.de\/de\/wp-json\/wp\/v2\/types\/page"}],"author":[{"embeddable":true,"href":"https:\/\/aimdentgmbh.de\/de\/wp-json\/wp\/v2\/users\/1"}],"replies":[{"embeddable":true,"href":"https:\/\/aimdentgmbh.de\/de\/wp-json\/wp\/v2\/comments?post=11550"}],"version-history":[{"count":4,"href":"https:\/\/aimdentgmbh.de\/de\/wp-json\/wp\/v2\/pages\/11550\/revisions"}],"predecessor-version":[{"id":11567,"href":"https:\/\/aimdentgmbh.de\/de\/wp-json\/wp\/v2\/pages\/11550\/revisions\/11567"}],"wp:attachment":[{"href":"https:\/\/aimdentgmbh.de\/de\/wp-json\/wp\/v2\/media?parent=11550"}],"curies":[{"name":"wp","href":"https:\/\/api.w.org\/{rel}","templated":true}]}}