{"id":11557,"date":"2023-05-07T22:59:12","date_gmt":"2023-05-07T22:59:12","guid":{"rendered":"https:\/\/aimdentgmbh.de\/?page_id=11557"},"modified":"2023-05-08T20:55:11","modified_gmt":"2023-05-08T20:55:11","slug":"privacy-policy-2","status":"publish","type":"page","link":"https:\/\/aimdentgmbh.de\/de\/privacy-policy-2\/","title":{"rendered":"Datenschutz-Bestimmungen"},"content":{"rendered":"<section class=\"wpb-content-wrapper\"><div class=\"vc_row wpb_row vc_row-fluid\"><div class=\"wpb_column vc_column_container vc_col-sm-12\"><div class=\"vc_column-inner\"><div class=\"wpb_wrapper\"><div class=\"vc_empty_space\"   style=\"height: 32px\"><span class=\"vc_empty_space_inner\"><\/span><\/div>\n\t<div class=\"wpb_text_column wpb_content_element\" >\n\t\t<div class=\"wpb_wrapper\">\n\t\t\t<section class=\"contents-style\">\n<div class=\"container\">\n<div class=\"row\">\n<div class=\"col-lg-12\">\n<div class=\"content-title aos-init aos-animate\" data-aos=\"fade-up\" data-aos-delay=\"400\" data-aos-easing=\"ease-in-out\">\n<div class=\"aos-init aos-animate\" data-aos=\"fade-up\" data-aos-easing=\"ease-in-out\">\n<h5>Was sind Cookies?<\/h5>\n<p>\u201eCookies\u201c sind Dateien, die von einer Website an Ihren Computer gesendet werden, wenn Sie die Website aufrufen. Mithilfe der in diesen Dateien enthaltenen Informationen kann unsere Website wichtige Daten aufzeichnen, um die Verwendung der Website f\u00fcr Sie wirkungsvoller und nutzbringender zu gestalten. Unsere Website setzt Cookies f\u00fcr verschiedene Zwecke ein. Wir verwenden die Cookie-Technologie und IP-Adressen, um nicht-personenbezogene Informationen von Online-Besuchern einzuholen und um registrierten Besuchern ein m\u00f6glichst pers\u00f6nliches Online-Erlebnis zu bieten.<\/p>\n<\/div>\n<div class=\"aos-init aos-animate\" data-aos=\"fade-up\" data-aos-easing=\"ease-in-out\">\n<h5>Wie setzen wir Cookies ein?<\/h5>\n<p>Die Besucher unserer Websites verwenden unterschiedliche Webbrowser und Computer. Um Ihren Besuch mit der von Ihnen eingesetzten Technik so einfach wie m\u00f6glich zu gestalten, pr\u00fcfen wir automatisch, welchen Browser (z. B. Internet Explorer) und welches Betriebssystem (z. B. Windows, Apple) Sie verwenden und wie der Domainnamen Ihres Internetanbieters lautet. Wir verfolgen auch die Gesamtzahl der Besucher unserer Website in aggregierter Form, um unsere Website zu aktualisieren und zu verbessern. Dabei werden keine Daten gesammelt, anhand derer Sie pers\u00f6nlich identifiziert werden k\u00f6nnen. Anhand dieser Daten k\u00f6nnen wir feststellen, ob mehr Besucher bestimmte Funktionen oder Bereiche gegen\u00fcber anderen bevorzugen. Das erm\u00f6glicht uns, unsere Website f\u00fcr die Mehrheit unserer Besucher frisch und interessant zu halten. Au\u00dferdem verwenden wir Cookies, um zu verhindern, dass Kinder auf Bereiche oder Funktionen zugreifen k\u00f6nnen, die sich nur an Erwachsene oder Teenager richten.<\/p>\n<\/div>\n<div class=\"aos-init aos-animate\" data-aos=\"fade-up\" data-aos-easing=\"ease-in-out\">\n<h5>Wie verwenden wir Cookies, um Ihr Erlebnis auf unseren Websites pers\u00f6nlicher zu gestalten?<\/h5>\n<p>Die Cookie-Technologie hilft uns dabei, Inhalte auf die Interessen des Besuchers zuzuschneiden und die Bestellung von Produkten, die Teilnahme an Verlosungen und Wettbewerben und die Nutzung anderer Funktionen auf unseren Websites zu erleichtern. Websites, die Online-Shopping anbieten, verwenden Cookies, um die Artikel in Ihrem Einkaufswagen zu speichern und zu bearbeiten. In solchen F\u00e4llen verbinden wir personenbezogene Daten mit einer Cookie-Datei, sofern dies zul\u00e4ssig ist.<\/p>\n<\/div>\n<div class=\"aos-init aos-animate\" data-aos=\"fade-up\" data-aos-easing=\"ease-in-out\">\n<h5>Die verschiedenen Cookies, die wir einsetzen<\/h5>\n<p>Die von uns eingesetzten Cookies basieren auf den Richtlinien der International Chamber of Commerce f\u00fcr Cookie-Kategorien. Sie lauten: absolut notwendig, leistungsbezogen, funktionsbezogen und zielorientiert.<\/p>\n<p>\u201eAbsolut notwendige\u201c Cookies\u00a0erm\u00f6glichen es Ihnen, sich auf der Website zu bewegen und wesentliche Funktionen wie sichere Bereiche, Warenk\u00f6rbe und Online-Rechnungsstellung zu nutzen. Diese Cookies erfassen keine Informationen \u00fcber Sie, die zu Marketingzwecken verwendet werden oder aufzeichnen k\u00f6nnten, welche Websites Sie im Internet besucht haben. Wir setzen absolut notwendige Cookies ein zur<\/p>\n<\/div>\n<div class=\"aos-init aos-animate\" data-aos=\"fade-up\" data-aos-easing=\"ease-in-out\">\n<ul>\n<li>Aufzeichnung von Informationen, die Sie in Bestellformulare eingetragen haben, wenn Sie w\u00e4hrend einer Browser-Sitzung unterschiedliche Seiten besuchen<\/li>\n<li>Aufzeichnung der Produkte und Dienste, die Sie bestellen m\u00f6chten, wenn Sie zur Kasse gehen<\/li>\n<li>Identifikation Ihrer Person, wenn Sie sich bei einer Website von Mars anmelden wollen<\/li>\n<li>Sicherstellung, dass Sie sich auf unserer Website mit dem richtigen Dienst verbinden, wenn wir Ver\u00e4nderungen an der Funktionsweise der Website vornehmen<\/li>\n<\/ul>\n<p>Cookies, die wir als \u201eabsolut notwendig\u201c definiert haben, werden\u00a0NICHT\u00a0verwendet, um<\/p>\n<ul>\n<li>Informationen zu sammeln, die verwendet werden k\u00f6nnten, um Ihnen Produkte oder Dienste anzuzeigen<\/li>\n<li>Ihre Pr\u00e4ferenzen oder Ihren Benutzernamen \u00fcber Ihren aktuellen Besuch hinaus zu speichern<\/li>\n<\/ul>\n<p>Die \u201eabsolut notwendigen\u201c Cookies, die wir auf unserer Website verwenden, sind in unserem Privacy Preference Centre (Datenschutzzentrum) aufgef\u00fchrt und erl\u00e4utert. Das Zentrum ist \u00fcber die Registerkarte \u201eCookie-Einstellungen\u201c auf unseren Websites zug\u00e4nglich.<\/p>\n<\/div>\n<div class=\"aos-init aos-animate\" data-aos=\"fade-up\" data-aos-easing=\"ease-in-out\">\n<p>\u201eLeistungsbezogene\u201d Cookies\u00a0erfassen Informationen dar\u00fcber, wie Sie unsere Website verwenden, z. B. welche Seiten Sie besuchen und ob dabei Fehler auftreten. Diese Cookies erfassen keine Daten, anhand derer Sie identifiziert werden k\u00f6nnten. Alle erfassten Daten sind anonym. Sie werden ausschlie\u00dflich verwendet, um uns zu helfen, die Funktionen unserer Website zu verbessern, um die Interessen unserer Benutzer zu erfahren und die Effektivit\u00e4t unserer Werbung zu bewerten. Wir setzen leistungsbezogene Cookies ein zur<\/p>\n<ul>\n<li>Bereitstellung von Statistiken \u00fcber die Nutzung unserer Website<\/li>\n<li>Pr\u00fcfung der Effizienz unserer Anzeigen (wir nutzen diese Informationen nicht, um Werbung anzeigen zu lassen, wenn Sie andere Websites besuchen)<\/li>\n<li>Verbesserung der Website durch das Messen auftretender Fehler<\/li>\n<li>Erprobung verschiedener Designs unserer Website<\/li>\n<\/ul>\n<p>Cookies, die wir als \u201eleistungsbezogene\u201c-Cookies definiert haben, werden NICHT verwendet, um<\/p>\n<ul>\n<li>Informationen zu sammeln, die genutzt werden k\u00f6nnten, um Ihnen Produkte oder Dienste auf anderen Websites anzuzeigen<\/li>\n<li>Ihre Pr\u00e4ferenzen oder Ihren Benutzernamen \u00fcber Ihren aktuellen Besuch hinaus zu speichern<\/li>\n<li>Sie auf einer anderen Website gezielt mit Werbung anzusprechen<\/li>\n<\/ul>\n<p>Die \u201eleistungsbezogenen\u201c Cookies, die wir auf unserer Website verwenden, sind in unserem Privacy Preference Centre (Datenschutzzentrum) aufgef\u00fchrt und erl\u00e4utert. Das Zentrum ist \u00fcber die Registerkarte \u201eCookie-Einstellungen\u201c auf unseren Websites zug\u00e4nglich.<\/p>\n<\/div>\n<div class=\"aos-init aos-animate\" data-aos=\"fade-up\" data-aos-easing=\"ease-in-out\">\n<p>\u201eFunktionsbezogene\u201c Cookies\u00a0werden eingesetzt, um Dienste bereitzustellen oder um Einstellungen zu speichern und dadurch Ihren Besuch zu verbessern. Wir nutzen \u201efunktionsbezogene\u201c Cookies<\/p>\n<ul>\n<li>Zur Speicherung der von Ihnen gew\u00e4hlten Einstellungen, z. B. Layout, Textgr\u00f6\u00dfe, Pr\u00e4ferenzen und Farben<\/li>\n<li>Zur Erinnerung, wenn wir Sie bereits gefragt haben, ob Sie an einer Umfrage teilnehmen m\u00f6chten<\/li>\n<li>Um Ihnen anzuzeigen, wenn Sie auf der Website angemeldet sind<\/li>\n<li>Um Informationen mit Partnern auszutauschen, die einen Dienst auf unserer Website anbieten. Die weitergegebenen Informationen werden ausschlie\u00dflich f\u00fcr die Bereitstellung des Dienstes, des Produkts oder der Funktion und nicht f\u00fcr andere Zwecke verwendet<\/li>\n<\/ul>\n<\/div>\n<div class=\"aos-init aos-animate\" data-aos=\"fade-up\" data-aos-easing=\"ease-in-out\">\n<p>Als \u201efunktionsbezogen\u201c definierte Cookies werden NICHT eingesetzt, um<\/p>\n<p>1. Sie mit Werbung auf anderen Websites anzusprechen<\/p>\n<p>Die \u201efunktionsbezogenen\u201c Cookies, die wir auf unserer Website verwenden, sind in unserem Privacy Preference Centre (Datenschutzzentrum) aufgef\u00fchrt und erl\u00e4utert. Das Zentrum ist \u00fcber die Registerkarte \u201eCookie-Einstellungen\u201c auf unseren Websites zug\u00e4nglich.<\/p>\n<p>\u201eZielorientierte\u201c Cookies\u00a0sind mit Diensten verkn\u00fcpft, die von Dritten angeboten werden, z. B. \u201eLike\u201c- und \u201eTeilen\u201c-Buttons. Der Dritte erbringt diese Leistungen im Gegenzug daf\u00fcr, dass er erkennt, dass Sie unsere Website besucht haben. Wir setzen \u201ezielorientierte\u201c Cookies ein, um<\/p>\n<ul>\n<li>eine Verbindung zu sozialen Netzwerken wie Facebook herzustellen, die anschlie\u00dfend Informationen \u00fcber Ihren Besuch verwenden k\u00f6nnen, damit Sie auf anderen Websites gezielt mit Werbung angesprochen werden<\/li>\n<li>Werbeagenturen Informationen \u00fcber Ihren Besuch zur Verf\u00fcgung zu stellen, damit diese Ihnen Werbung pr\u00e4sentieren k\u00f6nnen, die Sie interessieren k\u00f6nnte<\/li>\n<\/ul>\n<p>Die \u201ezielorientierten\u201c Cookies, die wir auf unserer Website verwenden, sind in unserem Privacy Preference Centre (Datenschutzzentrum) aufgef\u00fchrt und erl\u00e4utert. Das Zentrum ist \u00fcber die Registerkarte \u201eCookie-Einstellungen\u201c auf unseren Websites zug\u00e4nglich.<\/p>\n<\/div>\n<div class=\"aos-init aos-animate\" data-aos=\"fade-up\" data-aos-easing=\"ease-in-out\">\n<h5>Was sind Web-Beacons und wie setzen wir sie ein?<\/h5>\n<p>Einige unserer Webseiten und E-Mail-Updates k\u00f6nnen elektronische Bilder enthalten, die als Web-Beacons bezeichnet werden. Sie sind manchmal auch als Ein-Pixel-GIFs, Clear GIFs oder Pixel-Tags bekannt. Auf Websites erm\u00f6glichen sie es uns, die Besucher zu z\u00e4hlen, die unsere Seiten aufgerufen haben. In E-Mails und Newslettern zu Werbezwecken k\u00f6nnen wir so feststellen, wie viele Abonnenten die Nachricht gelesen haben. Web-Beacons erm\u00f6glichen es uns, statistische Informationen \u00fcber die Aktivit\u00e4ten und Funktionen zu entwickeln, die unsere Kunden am meisten interessieren, um Inhalte anbieten zu k\u00f6nnen, die pers\u00f6nlicher sind. Web-Beacons werden nicht daf\u00fcr eingesetzt, ohne Ihre Einwilligung auf personenbezogene Daten zuzugreifen.<\/p>\n<\/div>\n<div class=\"aos-init aos-animate\" data-aos=\"fade-up\" data-aos-easing=\"ease-in-out\">\n<h5>Was, wenn Sie Cookies ablehnen?<\/h5>\n<p><strong>1. Privacy Preference Center<\/strong><\/p>\n<p>F\u00fcr alle anderen au\u00dfer absolut notwendigen Cookies k\u00f6nnen Sie Ihre Zustimmung in unserem Privacy Preference Centre, das \u00fcber die Registerkarte \u201eCookie-Einstellungen\u201c auf unseren Websites zug\u00e4nglich ist. Wenn Sie jedoch einigen Arten von Cookies nicht zustimmen, kann dies Ihre Erfahrung mit der Website und den von uns angebotenen Diensten beeintr\u00e4chtigen.<\/p>\n<p><strong>2. Ihre Browser-Einstellungen<\/strong><\/p>\n<p>Wenn Sie keine Cookies w\u00fcnschen, k\u00f6nnen Sie Ihren Computer so einstellen, dass Sie jedes Mal gewarnt werden, wenn ein Cookie gesendet wird. Sie k\u00f6nnen auch alle Cookies \u00fcber Ihren Browser (z. B. Internet Explorer oder Firefox) deaktivieren. Im HILFE-Men\u00fc Ihres Browsers finden Sie Hinweise zur \u00c4nderung und Aktualisierung der Cookie-Einstellungen.<\/p>\n<p>Alternativ k\u00f6nnen Sie auch www.aboutcookies.org besuchen, wo Sie umfassende Informationen dazu finden, wie Sie dies in einer Vielzahl von Browsern vornehmen k\u00f6nnen. Dort finden Sie auch Hinweise dar\u00fcber, wie Sie Cookies von Ihrem Computer l\u00f6schen k\u00f6nnen, sowie weitere allgemeine Informationen \u00fcber Cookies. Informationen zur \u00c4nderung der Cookie-Einstellungen im Browser Ihres Smartphones sind in der Bedienungsanleitung Ihres Smartphones zu finden. Bitte beachten Sie, dass die Einschr\u00e4nkung von Cookies Auswirkungen auf die Funktionalit\u00e4t unserer Websites haben kann.<\/p>\n<\/div>\n<\/div>\n<\/div>\n<\/div>\n<\/div>\n<\/section>\n\n\t\t<\/div>\n\t<\/div>\n<\/div><\/div><\/div><\/div><div class=\"vc_row wpb_row vc_row-fluid\"><div class=\"wpb_column vc_column_container vc_col-sm-12\"><div class=\"vc_column-inner\"><div class=\"wpb_wrapper\"><div class=\"vc_empty_space\"   style=\"height: 32px\"><span class=\"vc_empty_space_inner\"><\/span><\/div><\/div><\/div><\/div><\/div>\n<\/section>","protected":false},"excerpt":{"rendered":"Was sind Cookies? \u201eCookies\u201c sind Dateien, die von einer Website an Ihren Computer gesendet werden, wenn Sie die Website aufrufen. Mithilfe der in diesen Dateien enthaltenen Informationen kann unsere Website wichtige Daten aufzeichnen, um die Verwendung der Website f\u00fcr Sie [...]","protected":false},"author":1,"featured_media":0,"parent":0,"menu_order":0,"comment_status":"closed","ping_status":"closed","template":"","meta":{"footnotes":""},"class_list":["post-11557","page","type-page","status-publish","hentry"],"yoast_head":"<!-- This site is optimized with the Yoast SEO plugin v20.7 - https:\/\/yoast.com\/wordpress\/plugins\/seo\/ -->\n<title>Privacy Policy - Aimdent Confectionery GmbH<\/title>\n<meta name=\"robots\" content=\"index, follow, max-snippet:-1, max-image-preview:large, max-video-preview:-1\" \/>\n<link rel=\"canonical\" href=\"https:\/\/aimdentgmbh.de\/de\/privacy-policy-2\/\" \/>\n<meta property=\"og:locale\" content=\"de_DE\" \/>\n<meta property=\"og:type\" content=\"article\" \/>\n<meta property=\"og:title\" content=\"Privacy Policy - Aimdent Confectionery GmbH\" \/>\n<meta property=\"og:url\" content=\"https:\/\/aimdentgmbh.de\/de\/privacy-policy-2\/\" \/>\n<meta property=\"og:site_name\" content=\"Aimdent Confectionery GmbH\" \/>\n<meta property=\"article:modified_time\" content=\"2023-05-08T20:55:11+00:00\" \/>\n<meta name=\"twitter:card\" content=\"summary_large_image\" \/>\n<meta name=\"twitter:label1\" content=\"Gesch\u00e4tzte Lesezeit\" \/>\n\t<meta name=\"twitter:data1\" content=\"7\u00a0Minuten\" \/>\n<script type=\"application\/ld+json\" class=\"yoast-schema-graph\">{\"@context\":\"https:\/\/schema.org\",\"@graph\":[{\"@type\":\"WebPage\",\"@id\":\"https:\/\/aimdentgmbh.de\/de\/privacy-policy-2\/\",\"url\":\"https:\/\/aimdentgmbh.de\/de\/privacy-policy-2\/\",\"name\":\"Privacy Policy - Aimdent Confectionery GmbH\",\"isPartOf\":{\"@id\":\"https:\/\/aimdentgmbh.de\/#website\"},\"datePublished\":\"2023-05-07T22:59:12+00:00\",\"dateModified\":\"2023-05-08T20:55:11+00:00\",\"breadcrumb\":{\"@id\":\"https:\/\/aimdentgmbh.de\/de\/privacy-policy-2\/#breadcrumb\"},\"inLanguage\":\"de\",\"potentialAction\":[{\"@type\":\"ReadAction\",\"target\":[\"https:\/\/aimdentgmbh.de\/de\/privacy-policy-2\/\"]}]},{\"@type\":\"BreadcrumbList\",\"@id\":\"https:\/\/aimdentgmbh.de\/de\/privacy-policy-2\/#breadcrumb\",\"itemListElement\":[{\"@type\":\"ListItem\",\"position\":1,\"name\":\"Home\",\"item\":\"https:\/\/aimdentgmbh.de\/\"},{\"@type\":\"ListItem\",\"position\":2,\"name\":\"Privacy Policy\"}]},{\"@type\":\"WebSite\",\"@id\":\"https:\/\/aimdentgmbh.de\/#website\",\"url\":\"https:\/\/aimdentgmbh.de\/\",\"name\":\"Aimdent Confectionery GmbH\",\"description\":\"Aimdent Confectionery GmbH\",\"publisher\":{\"@id\":\"https:\/\/aimdentgmbh.de\/#organization\"},\"potentialAction\":[{\"@type\":\"SearchAction\",\"target\":{\"@type\":\"EntryPoint\",\"urlTemplate\":\"https:\/\/aimdentgmbh.de\/?s={search_term_string}\"},\"query-input\":\"required name=search_term_string\"}],\"inLanguage\":\"de\"},{\"@type\":\"Organization\",\"@id\":\"https:\/\/aimdentgmbh.de\/#organization\",\"name\":\"Aimdent Confectionery GmbH\",\"url\":\"https:\/\/aimdentgmbh.de\/\",\"logo\":{\"@type\":\"ImageObject\",\"inLanguage\":\"de\",\"@id\":\"https:\/\/aimdentgmbh.de\/#\/schema\/logo\/image\/\",\"url\":\"https:\/\/aimdentgmbh.de\/wp-content\/uploads\/2023\/05\/aimdent-logo.png\",\"contentUrl\":\"https:\/\/aimdentgmbh.de\/wp-content\/uploads\/2023\/05\/aimdent-logo.png\",\"width\":240,\"height\":72,\"caption\":\"Aimdent Confectionery GmbH\"},\"image\":{\"@id\":\"https:\/\/aimdentgmbh.de\/#\/schema\/logo\/image\/\"}}]}<\/script>\n<!-- \/ Yoast SEO plugin. -->","yoast_head_json":{"title":"Privacy Policy - Aimdent Confectionery GmbH","robots":{"index":"index","follow":"follow","max-snippet":"max-snippet:-1","max-image-preview":"max-image-preview:large","max-video-preview":"max-video-preview:-1"},"canonical":"https:\/\/aimdentgmbh.de\/de\/privacy-policy-2\/","og_locale":"de_DE","og_type":"article","og_title":"Privacy Policy - Aimdent Confectionery GmbH","og_url":"https:\/\/aimdentgmbh.de\/de\/privacy-policy-2\/","og_site_name":"Aimdent Confectionery GmbH","article_modified_time":"2023-05-08T20:55:11+00:00","twitter_card":"summary_large_image","twitter_misc":{"Gesch\u00e4tzte Lesezeit":"7\u00a0Minuten"},"schema":{"@context":"https:\/\/schema.org","@graph":[{"@type":"WebPage","@id":"https:\/\/aimdentgmbh.de\/de\/privacy-policy-2\/","url":"https:\/\/aimdentgmbh.de\/de\/privacy-policy-2\/","name":"Privacy Policy - Aimdent Confectionery GmbH","isPartOf":{"@id":"https:\/\/aimdentgmbh.de\/#website"},"datePublished":"2023-05-07T22:59:12+00:00","dateModified":"2023-05-08T20:55:11+00:00","breadcrumb":{"@id":"https:\/\/aimdentgmbh.de\/de\/privacy-policy-2\/#breadcrumb"},"inLanguage":"de","potentialAction":[{"@type":"ReadAction","target":["https:\/\/aimdentgmbh.de\/de\/privacy-policy-2\/"]}]},{"@type":"BreadcrumbList","@id":"https:\/\/aimdentgmbh.de\/de\/privacy-policy-2\/#breadcrumb","itemListElement":[{"@type":"ListItem","position":1,"name":"Home","item":"https:\/\/aimdentgmbh.de\/"},{"@type":"ListItem","position":2,"name":"Privacy Policy"}]},{"@type":"WebSite","@id":"https:\/\/aimdentgmbh.de\/#website","url":"https:\/\/aimdentgmbh.de\/","name":"Aimdent Confectionery GmbH","description":"Aimdent Confectionery GmbH","publisher":{"@id":"https:\/\/aimdentgmbh.de\/#organization"},"potentialAction":[{"@type":"SearchAction","target":{"@type":"EntryPoint","urlTemplate":"https:\/\/aimdentgmbh.de\/?s={search_term_string}"},"query-input":"required name=search_term_string"}],"inLanguage":"de"},{"@type":"Organization","@id":"https:\/\/aimdentgmbh.de\/#organization","name":"Aimdent Confectionery GmbH","url":"https:\/\/aimdentgmbh.de\/","logo":{"@type":"ImageObject","inLanguage":"de","@id":"https:\/\/aimdentgmbh.de\/#\/schema\/logo\/image\/","url":"https:\/\/aimdentgmbh.de\/wp-content\/uploads\/2023\/05\/aimdent-logo.png","contentUrl":"https:\/\/aimdentgmbh.de\/wp-content\/uploads\/2023\/05\/aimdent-logo.png","width":240,"height":72,"caption":"Aimdent Confectionery GmbH"},"image":{"@id":"https:\/\/aimdentgmbh.de\/#\/schema\/logo\/image\/"}}]}},"_links":{"self":[{"href":"https:\/\/aimdentgmbh.de\/de\/wp-json\/wp\/v2\/pages\/11557","targetHints":{"allow":["GET"]}}],"collection":[{"href":"https:\/\/aimdentgmbh.de\/de\/wp-json\/wp\/v2\/pages"}],"about":[{"href":"https:\/\/aimdentgmbh.de\/de\/wp-json\/wp\/v2\/types\/page"}],"author":[{"embeddable":true,"href":"https:\/\/aimdentgmbh.de\/de\/wp-json\/wp\/v2\/users\/1"}],"replies":[{"embeddable":true,"href":"https:\/\/aimdentgmbh.de\/de\/wp-json\/wp\/v2\/comments?post=11557"}],"version-history":[{"count":3,"href":"https:\/\/aimdentgmbh.de\/de\/wp-json\/wp\/v2\/pages\/11557\/revisions"}],"predecessor-version":[{"id":11568,"href":"https:\/\/aimdentgmbh.de\/de\/wp-json\/wp\/v2\/pages\/11557\/revisions\/11568"}],"wp:attachment":[{"href":"https:\/\/aimdentgmbh.de\/de\/wp-json\/wp\/v2\/media?parent=11557"}],"curies":[{"name":"wp","href":"https:\/\/api.w.org\/{rel}","templated":true}]}}