{"id":11561,"date":"2023-05-07T23:05:42","date_gmt":"2023-05-07T23:05:42","guid":{"rendered":"https:\/\/aimdentgmbh.de\/?page_id=11561"},"modified":"2023-05-08T20:55:10","modified_gmt":"2023-05-08T20:55:10","slug":"what-we-offer","status":"publish","type":"page","link":"https:\/\/aimdentgmbh.de\/de\/what-we-offer\/","title":{"rendered":"Was Wir Anbieten"},"content":{"rendered":"<section class=\"wpb-content-wrapper\"><div class=\"vc_row wpb_row vc_row-fluid\"><div class=\"wpb_column vc_column_container vc_col-sm-12\"><div class=\"vc_column-inner\"><div class=\"wpb_wrapper\"><div class=\"vc_empty_space\"   style=\"height: 100px\"><span class=\"vc_empty_space_inner\"><\/span><\/div><\/div><\/div><\/div><\/div><div class=\"vc_row wpb_row vc_row-fluid\"><div class=\"wpb_column vc_column_container vc_col-sm-12\"><div class=\"vc_column-inner\"><div class=\"wpb_wrapper\">\n\t<div class=\"wpb_text_column wpb_content_element  wpb_animate_when_almost_visible wpb_fadeInDown fadeInDown\" >\n\t\t<div class=\"wpb_wrapper\">\n\t\t\t<p>Wir produzieren f\u00fcr unsere Kunden hochwertige Kaugummis und bieten eine breite Produktpalette an.<\/p>\n<p>Dank jahrelanger Erfahrung und Forschung und Entwicklung bieten wir unseren Kunden einzigartige Aromen und Erlebnisse.<\/p>\n<p>Unsere Produkte umfassen:<\/p>\n<ul>\n<li>Zucker und zuckerfreier Kaugummi: Unsere gezuckerten Kaugummis sind von verschiedenen Fr\u00fcchten inspiriert, w\u00e4hrend unsere zuckerfreien Kaugummis eine ges\u00fcndere Alternative zu anderen Optionen darstellen.<\/li>\n<li>Nat\u00fcrlicher Kaugummi: Unser nat\u00fcrlicher Kaugummi wird aus echten Fruchts\u00e4ften und anderen nat\u00fcrlichen S\u00fc\u00dfungsmitteln hergestellt und enth\u00e4lt keine Zusatzstoffe.<\/li>\n<li>Ma\u00dfgefertigte Kaugummis: Wir bieten unseren Kunden auch ma\u00dfgefertigte Kaugummis an. Wir bieten ma\u00dfgeschneiderte L\u00f6sungen f\u00fcr Kunden, die ihren eigenen Markenkaugummi herstellen m\u00f6chten.<\/li>\n<\/ul>\n<p>Dar\u00fcber hinaus legen wir in unserem gesamten Produktionsprozess gro\u00dfen Wert auf Nachhaltigkeit und Umweltschutz.<\/p>\n<p>Von der Rohstoffbeschaffung bis zur Verpackung gestalten wir alle unsere Prozesse umweltschonend und nachhaltig.<\/p>\n\n\t\t<\/div>\n\t<\/div>\n<\/div><\/div><\/div><\/div><div class=\"vc_row wpb_row vc_row-fluid\"><div class=\"wpb_column vc_column_container vc_col-sm-12\"><div class=\"vc_column-inner\"><div class=\"wpb_wrapper\"><div class=\"vc_empty_space\"   style=\"height: 100px\"><span class=\"vc_empty_space_inner\"><\/span><\/div><\/div><\/div><\/div><\/div>\n<\/section>","protected":false},"excerpt":{"rendered":"We produce high-quality chewing gum for our customers and offer a wide range of products. Thanks to years of experience and research and development, we offer unique flavors and experiences to our customers. Our products include: Sugar and sugar-free chewing [...]","protected":false},"author":1,"featured_media":0,"parent":0,"menu_order":0,"comment_status":"closed","ping_status":"closed","template":"","meta":{"footnotes":""},"class_list":["post-11561","page","type-page","status-publish","hentry"],"yoast_head":"<!-- This site is optimized with the Yoast SEO plugin v20.7 - https:\/\/yoast.com\/wordpress\/plugins\/seo\/ -->\n<title>What We Offer - Aimdent Confectionery GmbH<\/title>\n<meta name=\"robots\" content=\"index, follow, max-snippet:-1, max-image-preview:large, max-video-preview:-1\" \/>\n<link rel=\"canonical\" href=\"https:\/\/aimdentgmbh.de\/de\/what-we-offer\/\" \/>\n<meta property=\"og:locale\" content=\"de_DE\" \/>\n<meta property=\"og:type\" content=\"article\" \/>\n<meta property=\"og:title\" content=\"What We Offer - Aimdent Confectionery GmbH\" \/>\n<meta property=\"og:url\" content=\"https:\/\/aimdentgmbh.de\/de\/what-we-offer\/\" \/>\n<meta property=\"og:site_name\" content=\"Aimdent Confectionery GmbH\" \/>\n<meta property=\"article:modified_time\" content=\"2023-05-08T20:55:10+00:00\" \/>\n<meta name=\"twitter:card\" content=\"summary_large_image\" \/>\n<meta name=\"twitter:label1\" content=\"Gesch\u00e4tzte Lesezeit\" \/>\n\t<meta name=\"twitter:data1\" content=\"1\u00a0Minute\" \/>\n<script type=\"application\/ld+json\" class=\"yoast-schema-graph\">{\"@context\":\"https:\/\/schema.org\",\"@graph\":[{\"@type\":\"WebPage\",\"@id\":\"https:\/\/aimdentgmbh.de\/de\/what-we-offer\/\",\"url\":\"https:\/\/aimdentgmbh.de\/de\/what-we-offer\/\",\"name\":\"What We Offer - Aimdent Confectionery GmbH\",\"isPartOf\":{\"@id\":\"https:\/\/aimdentgmbh.de\/#website\"},\"datePublished\":\"2023-05-07T23:05:42+00:00\",\"dateModified\":\"2023-05-08T20:55:10+00:00\",\"breadcrumb\":{\"@id\":\"https:\/\/aimdentgmbh.de\/de\/what-we-offer\/#breadcrumb\"},\"inLanguage\":\"de\",\"potentialAction\":[{\"@type\":\"ReadAction\",\"target\":[\"https:\/\/aimdentgmbh.de\/de\/what-we-offer\/\"]}]},{\"@type\":\"BreadcrumbList\",\"@id\":\"https:\/\/aimdentgmbh.de\/de\/what-we-offer\/#breadcrumb\",\"itemListElement\":[{\"@type\":\"ListItem\",\"position\":1,\"name\":\"Home\",\"item\":\"https:\/\/aimdentgmbh.de\/\"},{\"@type\":\"ListItem\",\"position\":2,\"name\":\"What We Offer\"}]},{\"@type\":\"WebSite\",\"@id\":\"https:\/\/aimdentgmbh.de\/#website\",\"url\":\"https:\/\/aimdentgmbh.de\/\",\"name\":\"Aimdent Confectionery GmbH\",\"description\":\"Aimdent Confectionery GmbH\",\"publisher\":{\"@id\":\"https:\/\/aimdentgmbh.de\/#organization\"},\"potentialAction\":[{\"@type\":\"SearchAction\",\"target\":{\"@type\":\"EntryPoint\",\"urlTemplate\":\"https:\/\/aimdentgmbh.de\/?s={search_term_string}\"},\"query-input\":\"required name=search_term_string\"}],\"inLanguage\":\"de\"},{\"@type\":\"Organization\",\"@id\":\"https:\/\/aimdentgmbh.de\/#organization\",\"name\":\"Aimdent Confectionery GmbH\",\"url\":\"https:\/\/aimdentgmbh.de\/\",\"logo\":{\"@type\":\"ImageObject\",\"inLanguage\":\"de\",\"@id\":\"https:\/\/aimdentgmbh.de\/#\/schema\/logo\/image\/\",\"url\":\"https:\/\/aimdentgmbh.de\/wp-content\/uploads\/2023\/05\/aimdent-logo.png\",\"contentUrl\":\"https:\/\/aimdentgmbh.de\/wp-content\/uploads\/2023\/05\/aimdent-logo.png\",\"width\":240,\"height\":72,\"caption\":\"Aimdent Confectionery GmbH\"},\"image\":{\"@id\":\"https:\/\/aimdentgmbh.de\/#\/schema\/logo\/image\/\"}}]}<\/script>\n<!-- \/ Yoast SEO plugin. -->","yoast_head_json":{"title":"What We Offer - Aimdent Confectionery GmbH","robots":{"index":"index","follow":"follow","max-snippet":"max-snippet:-1","max-image-preview":"max-image-preview:large","max-video-preview":"max-video-preview:-1"},"canonical":"https:\/\/aimdentgmbh.de\/de\/what-we-offer\/","og_locale":"de_DE","og_type":"article","og_title":"What We Offer - Aimdent Confectionery GmbH","og_url":"https:\/\/aimdentgmbh.de\/de\/what-we-offer\/","og_site_name":"Aimdent Confectionery GmbH","article_modified_time":"2023-05-08T20:55:10+00:00","twitter_card":"summary_large_image","twitter_misc":{"Gesch\u00e4tzte Lesezeit":"1\u00a0Minute"},"schema":{"@context":"https:\/\/schema.org","@graph":[{"@type":"WebPage","@id":"https:\/\/aimdentgmbh.de\/de\/what-we-offer\/","url":"https:\/\/aimdentgmbh.de\/de\/what-we-offer\/","name":"What We Offer - Aimdent Confectionery GmbH","isPartOf":{"@id":"https:\/\/aimdentgmbh.de\/#website"},"datePublished":"2023-05-07T23:05:42+00:00","dateModified":"2023-05-08T20:55:10+00:00","breadcrumb":{"@id":"https:\/\/aimdentgmbh.de\/de\/what-we-offer\/#breadcrumb"},"inLanguage":"de","potentialAction":[{"@type":"ReadAction","target":["https:\/\/aimdentgmbh.de\/de\/what-we-offer\/"]}]},{"@type":"BreadcrumbList","@id":"https:\/\/aimdentgmbh.de\/de\/what-we-offer\/#breadcrumb","itemListElement":[{"@type":"ListItem","position":1,"name":"Home","item":"https:\/\/aimdentgmbh.de\/"},{"@type":"ListItem","position":2,"name":"What We Offer"}]},{"@type":"WebSite","@id":"https:\/\/aimdentgmbh.de\/#website","url":"https:\/\/aimdentgmbh.de\/","name":"Aimdent Confectionery GmbH","description":"Aimdent Confectionery GmbH","publisher":{"@id":"https:\/\/aimdentgmbh.de\/#organization"},"potentialAction":[{"@type":"SearchAction","target":{"@type":"EntryPoint","urlTemplate":"https:\/\/aimdentgmbh.de\/?s={search_term_string}"},"query-input":"required name=search_term_string"}],"inLanguage":"de"},{"@type":"Organization","@id":"https:\/\/aimdentgmbh.de\/#organization","name":"Aimdent Confectionery GmbH","url":"https:\/\/aimdentgmbh.de\/","logo":{"@type":"ImageObject","inLanguage":"de","@id":"https:\/\/aimdentgmbh.de\/#\/schema\/logo\/image\/","url":"https:\/\/aimdentgmbh.de\/wp-content\/uploads\/2023\/05\/aimdent-logo.png","contentUrl":"https:\/\/aimdentgmbh.de\/wp-content\/uploads\/2023\/05\/aimdent-logo.png","width":240,"height":72,"caption":"Aimdent Confectionery GmbH"},"image":{"@id":"https:\/\/aimdentgmbh.de\/#\/schema\/logo\/image\/"}}]}},"_links":{"self":[{"href":"https:\/\/aimdentgmbh.de\/de\/wp-json\/wp\/v2\/pages\/11561","targetHints":{"allow":["GET"]}}],"collection":[{"href":"https:\/\/aimdentgmbh.de\/de\/wp-json\/wp\/v2\/pages"}],"about":[{"href":"https:\/\/aimdentgmbh.de\/de\/wp-json\/wp\/v2\/types\/page"}],"author":[{"embeddable":true,"href":"https:\/\/aimdentgmbh.de\/de\/wp-json\/wp\/v2\/users\/1"}],"replies":[{"embeddable":true,"href":"https:\/\/aimdentgmbh.de\/de\/wp-json\/wp\/v2\/comments?post=11561"}],"version-history":[{"count":3,"href":"https:\/\/aimdentgmbh.de\/de\/wp-json\/wp\/v2\/pages\/11561\/revisions"}],"predecessor-version":[{"id":11564,"href":"https:\/\/aimdentgmbh.de\/de\/wp-json\/wp\/v2\/pages\/11561\/revisions\/11564"}],"wp:attachment":[{"href":"https:\/\/aimdentgmbh.de\/de\/wp-json\/wp\/v2\/media?parent=11561"}],"curies":[{"name":"wp","href":"https:\/\/api.w.org\/{rel}","templated":true}]}}