{"id":8580,"date":"2017-03-07T13:53:11","date_gmt":"2017-03-07T13:53:11","guid":{"rendered":"http:\/\/baker.edge-themes.com\/?page_id=8580"},"modified":"2023-05-09T10:12:38","modified_gmt":"2023-05-09T10:12:38","slug":"about-us","status":"publish","type":"page","link":"https:\/\/aimdentgmbh.de\/de\/about-us\/","title":{"rendered":"\u00dcBER UNS"},"content":{"rendered":"<section class=\"wpb-content-wrapper\"><div class=\"vc_row wpb_row vc_row-fluid vc_custom_1488536699571\"><div class=\"wpb_column vc_column_container vc_col-sm-12\"><div class=\"vc_column-inner\"><div class=\"wpb_wrapper\"><div class=\"edgtf-row-grid-section\"><div class=\"vc_row wpb_row vc_inner vc_row-fluid\"><div class=\"wpb_column vc_column_container vc_col-sm-12 vc_col-lg-6 vc_col-md-12\"><div class=\"vc_column-inner\"><div class=\"wpb_wrapper\"><div class=\"edgtf-elements-holder edgtf-one-column edgtf-responsive-mode-768\" ><div class=\"edgtf-eh-item\"  data-item-class=\"edgtf-eh-custom-144455\" data-1024-1280=\"34px 8% 50px 0%\" data-768-1024=\"0 25% 74px 0%\" data-600-768=\"0 12% 74px 0%\" data-480-600=\"1px 0% 72px 0%\" data-480=\"1px 0% 72px 0%\">\n\t<div class=\"edgtf-eh-item-inner\">\n\t\t<div class=\"edgtf-eh-item-content edgtf-eh-custom-144455\" style=\"padding: 34px 10% 50px 0%\">\n\t\t\t<div class=\"edgtf-section-title-holder\" style=\"text-align: left\">\n\t\t\t\t\t<h2 class=\"edgtf-st-title\" style=\"color: #303030;font-weight: 600;letter-spacing: 3px\">\n\t\t\t<span>Warum Aimdent<\/span>\n\t\t<\/h2>\n\t\t<\/div><div class=\"vc_empty_space\"   style=\"height: 19px\"><span class=\"vc_empty_space_inner\"><\/span><\/div>\n\t<div class=\"wpb_text_column wpb_content_element\" >\n\t\t<div class=\"wpb_wrapper\">\n\t\t\t<p><strong>Willkommen bei der Aimdent Confectionery GmbH<\/strong><\/p>\n<p>Die Aimdent Confectionery GmbH ist ein Handelsunternehmen, das sich auf die Entwicklung, Produktion und den Vertrieb hochwertiger S\u00fc\u00dfwaren spezialisiert hat. Wir bieten unseren K\u00e4ufern in Europa und dar\u00fcber hinaus eine Reihe von regul\u00e4ren und zuckerfreien Produkten mit Kaugummis und Weichbonbons (Kaugummi, Weichbonbons und Fruchtgummis).<\/p>\n<p>Wir befinden uns in D\u00fcren, Deutschland, wo wir Zugang zu Kunden in ganz Deutschland und den angrenzenden west- und osteurop\u00e4ischen L\u00e4ndern haben. Mit \u00fcber 30 Jahren gemeinsamer Erfahrung im S\u00fc\u00dfwarengesch\u00e4ft und modernsten Produktionsanlagen bieten wir unseren Kunden den besten Kundenservice und Qualit\u00e4tsprodukte.<\/p>\n<p>Dank unserer erstklassigen Partner und Technologieanbieter sind wir in der Lage, alle Kan\u00e4le, ob gro\u00df oder klein, mit der gleichen Servicequalit\u00e4t zu bedienen.<\/p>\n\n\t\t<\/div>\n\t<\/div>\n<div class=\"vc_empty_space\"   style=\"height: 31px\"><span class=\"vc_empty_space_inner\"><\/span><\/div>\t\t<\/div>\n\t<\/div>\n<\/div><\/div><\/div><\/div><\/div><div class=\"wpb_column vc_column_container vc_col-sm-12 vc_col-lg-6 vc_col-md-12 vc_col-xs-12\"><div class=\"vc_column-inner\"><div class=\"wpb_wrapper\"><div class=\"edgtf-elements-holder edgtf-one-column edgtf-responsive-mode-768\" ><div class=\"edgtf-eh-item edgtf-horizontal-alignment-center\"  data-item-class=\"edgtf-eh-custom-242656\" data-768-1024=\"51px 0 74px 0\" data-480-600=\"51px 0 75px 0\" data-480=\"51px 0 75px 0\">\n\t<div class=\"edgtf-eh-item-inner\">\n\t\t<div class=\"edgtf-eh-item-content edgtf-eh-custom-242656\" style=\"padding: 44px 0 25px 0\">\n\t\t\t\n\t<div  class=\"wpb_single_image wpb_content_element vc_align_left\">\n\t\t\n\t\t<figure class=\"wpb_wrapper vc_figure\">\n\t\t\t<a href=\"#\" target=\"_self\" class=\"vc_single_image-wrapper   vc_box_border_grey\"><img loading=\"lazy\" decoding=\"async\" width=\"582\" height=\"582\" src=\"https:\/\/aimdentgmbh.de\/wp-content\/uploads\/2023\/05\/about-us.png\" class=\"vc_single_image-img attachment-full\" alt=\"\" title=\"about-us\" srcset=\"https:\/\/aimdentgmbh.de\/wp-content\/uploads\/2023\/05\/about-us.png 582w, https:\/\/aimdentgmbh.de\/wp-content\/uploads\/2023\/05\/about-us-300x300.png 300w, https:\/\/aimdentgmbh.de\/wp-content\/uploads\/2023\/05\/about-us-150x150.png 150w, https:\/\/aimdentgmbh.de\/wp-content\/uploads\/2023\/05\/about-us-550x550.png 550w\" sizes=\"auto, (max-width: 582px) 100vw, 582px\" \/><\/a>\n\t\t<\/figure>\n\t<\/div>\n\t\t<\/div>\n\t<\/div>\n<\/div><\/div><\/div><\/div><\/div><\/div><\/div><\/div><\/div><\/div><\/div><div class=\"vc_row wpb_row vc_row-fluid\"><div class=\"wpb_column vc_column_container vc_col-sm-12\"><div class=\"vc_column-inner\"><div class=\"wpb_wrapper\"><div class=\"vc_empty_space\"   style=\"height: 31px\"><span class=\"vc_empty_space_inner\"><\/span><\/div><h1 style=\"font-size: 25px;text-align: center\" class=\"vc_custom_heading wpb_animate_when_almost_visible wpb_bounceIn bounceIn\" >EINIGE UNSERER ERSTKLASSIGEN PARTNER UND TECHNOLOGIEPARTNER<\/h1><div class=\"edgtf-image-gallery edgtf-ig-grid-type\">\n\t<div class=\"edgtf-ig-inner edgtf-ig-grid edgtf-ig-six-columns edgtf-ig-small-space\">\n\t\t\t\t\t<div class=\"edgtf-ig-image\">\n\t\t\t\t<div class=\"edgtf-ig-image-inner\">\n\t\t\t\t\t\t\t\t\t\t\t<img loading=\"lazy\" decoding=\"async\" width=\"250\" height=\"130\" src=\"https:\/\/aimdentgmbh.de\/wp-content\/uploads\/2023\/05\/logo-bosch.png\" class=\"attachment-medium size-medium\" alt=\"\" \/>\t\t\t\t\t\t\t\t\t<\/div>\n\t\t\t<\/div>\n\t\t\t\t\t<div class=\"edgtf-ig-image\">\n\t\t\t\t<div class=\"edgtf-ig-image-inner\">\n\t\t\t\t\t\t\t\t\t\t\t<img loading=\"lazy\" decoding=\"async\" width=\"250\" height=\"130\" src=\"https:\/\/aimdentgmbh.de\/wp-content\/uploads\/2023\/05\/logo-linden.png\" class=\"attachment-medium size-medium\" alt=\"\" \/>\t\t\t\t\t\t\t\t\t<\/div>\n\t\t\t<\/div>\n\t\t\t\t\t<div class=\"edgtf-ig-image\">\n\t\t\t\t<div class=\"edgtf-ig-image-inner\">\n\t\t\t\t\t\t\t\t\t\t\t<img loading=\"lazy\" decoding=\"async\" width=\"250\" height=\"130\" src=\"https:\/\/aimdentgmbh.de\/wp-content\/uploads\/2023\/05\/logo-syntegon.png\" class=\"attachment-medium size-medium\" alt=\"\" \/>\t\t\t\t\t\t\t\t\t<\/div>\n\t\t\t<\/div>\n\t\t\t\t\t<div class=\"edgtf-ig-image\">\n\t\t\t\t<div class=\"edgtf-ig-image-inner\">\n\t\t\t\t\t\t\t\t\t\t\t<img loading=\"lazy\" decoding=\"async\" width=\"250\" height=\"130\" src=\"https:\/\/aimdentgmbh.de\/wp-content\/uploads\/2023\/05\/logo-euler-hermes.png\" class=\"attachment-medium size-medium\" alt=\"\" \/>\t\t\t\t\t\t\t\t\t<\/div>\n\t\t\t<\/div>\n\t\t\t\t\t<div class=\"edgtf-ig-image\">\n\t\t\t\t<div class=\"edgtf-ig-image-inner\">\n\t\t\t\t\t\t\t\t\t\t\t<img loading=\"lazy\" decoding=\"async\" width=\"250\" height=\"130\" src=\"https:\/\/aimdentgmbh.de\/wp-content\/uploads\/2023\/05\/logo-mettler.png\" class=\"attachment-medium size-medium\" alt=\"\" \/>\t\t\t\t\t\t\t\t\t<\/div>\n\t\t\t<\/div>\n\t\t\t\t\t<div class=\"edgtf-ig-image\">\n\t\t\t\t<div class=\"edgtf-ig-image-inner\">\n\t\t\t\t\t\t\t\t\t\t\t<img loading=\"lazy\" decoding=\"async\" width=\"250\" height=\"130\" src=\"https:\/\/aimdentgmbh.de\/wp-content\/uploads\/2023\/05\/logo-hansella.png\" class=\"attachment-medium size-medium\" alt=\"\" \/>\t\t\t\t\t\t\t\t\t<\/div>\n\t\t\t<\/div>\n\t\t\t\t\t<div class=\"edgtf-ig-image\">\n\t\t\t\t<div class=\"edgtf-ig-image-inner\">\n\t\t\t\t\t\t\t\t\t\t\t<img loading=\"lazy\" decoding=\"async\" width=\"250\" height=\"130\" src=\"https:\/\/aimdentgmbh.de\/wp-content\/uploads\/2023\/05\/logo-treiber.png\" class=\"attachment-medium size-medium\" alt=\"\" \/>\t\t\t\t\t\t\t\t\t<\/div>\n\t\t\t<\/div>\n\t\t\t\t\t<div class=\"edgtf-ig-image\">\n\t\t\t\t<div class=\"edgtf-ig-image-inner\">\n\t\t\t\t\t\t\t\t\t\t\t<img loading=\"lazy\" decoding=\"async\" width=\"250\" height=\"130\" src=\"https:\/\/aimdentgmbh.de\/wp-content\/uploads\/2023\/05\/logo-rovema.png\" class=\"attachment-medium size-medium\" alt=\"\" \/>\t\t\t\t\t\t\t\t\t<\/div>\n\t\t\t<\/div>\n\t\t\t\t\t<div class=\"edgtf-ig-image\">\n\t\t\t\t<div class=\"edgtf-ig-image-inner\">\n\t\t\t\t\t\t\t\t\t\t\t<img loading=\"lazy\" decoding=\"async\" width=\"250\" height=\"130\" src=\"https:\/\/aimdentgmbh.de\/wp-content\/uploads\/2023\/05\/logo-kt-bank.png\" class=\"attachment-medium size-medium\" alt=\"\" \/>\t\t\t\t\t\t\t\t\t<\/div>\n\t\t\t<\/div>\n\t\t\t\t\t<div class=\"edgtf-ig-image\">\n\t\t\t\t<div class=\"edgtf-ig-image-inner\">\n\t\t\t\t\t\t\t\t\t\t\t<img loading=\"lazy\" decoding=\"async\" width=\"250\" height=\"130\" src=\"https:\/\/aimdentgmbh.de\/wp-content\/uploads\/2023\/05\/logo-buderus.png\" class=\"attachment-medium size-medium\" alt=\"\" \/>\t\t\t\t\t\t\t\t\t<\/div>\n\t\t\t<\/div>\n\t\t\t\t\t<div class=\"edgtf-ig-image\">\n\t\t\t\t<div class=\"edgtf-ig-image-inner\">\n\t\t\t\t\t\t\t\t\t\t\t<img loading=\"lazy\" decoding=\"async\" width=\"250\" height=\"130\" src=\"https:\/\/aimdentgmbh.de\/wp-content\/uploads\/2023\/05\/logo-bizerba.png\" class=\"attachment-medium size-medium\" alt=\"\" \/>\t\t\t\t\t\t\t\t\t<\/div>\n\t\t\t<\/div>\n\t\t\t\t\t<div class=\"edgtf-ig-image\">\n\t\t\t\t<div class=\"edgtf-ig-image-inner\">\n\t\t\t\t\t\t\t\t\t\t\t<img loading=\"lazy\" decoding=\"async\" width=\"250\" height=\"130\" src=\"https:\/\/aimdentgmbh.de\/wp-content\/uploads\/2023\/05\/logo-loesch.png\" class=\"attachment-medium size-medium\" alt=\"\" \/>\t\t\t\t\t\t\t\t\t<\/div>\n\t\t\t<\/div>\n\t\t\t<\/div>\n<\/div><\/div><\/div><\/div><\/div>\n<\/section>","protected":false},"excerpt":{"rendered":"Why Aimdent Welcome to Aimdent Confectionery GmbH Aimdent Confectionery GmbH is a trading company specialized in the development, production and sales of high quality confectionery.\u00a0We offer regular and sugar-free products such as chewing gum, bubble gum, soft candy and fruit [...]","protected":false},"author":1,"featured_media":0,"parent":0,"menu_order":0,"comment_status":"closed","ping_status":"closed","template":"full-width.php","meta":{"footnotes":""},"class_list":["post-8580","page","type-page","status-publish","hentry"],"yoast_head":"<!-- This site is optimized with the Yoast SEO plugin v20.7 - https:\/\/yoast.com\/wordpress\/plugins\/seo\/ -->\n<title>About Us - Aimdent Confectionery GmbH<\/title>\n<meta name=\"robots\" content=\"index, follow, max-snippet:-1, max-image-preview:large, max-video-preview:-1\" \/>\n<link rel=\"canonical\" href=\"https:\/\/aimdentgmbh.de\/de\/about-us\/\" \/>\n<meta property=\"og:locale\" content=\"de_DE\" \/>\n<meta property=\"og:type\" content=\"article\" \/>\n<meta property=\"og:title\" content=\"About Us - Aimdent Confectionery GmbH\" \/>\n<meta property=\"og:url\" content=\"https:\/\/aimdentgmbh.de\/de\/about-us\/\" \/>\n<meta property=\"og:site_name\" content=\"Aimdent Confectionery GmbH\" \/>\n<meta property=\"article:modified_time\" content=\"2023-05-09T10:12:38+00:00\" \/>\n<meta name=\"twitter:card\" content=\"summary_large_image\" \/>\n<meta name=\"twitter:label1\" content=\"Gesch\u00e4tzte Lesezeit\" \/>\n\t<meta name=\"twitter:data1\" content=\"2\u00a0Minuten\" \/>\n<script type=\"application\/ld+json\" class=\"yoast-schema-graph\">{\"@context\":\"https:\/\/schema.org\",\"@graph\":[{\"@type\":\"WebPage\",\"@id\":\"https:\/\/aimdentgmbh.de\/about-us\/\",\"url\":\"https:\/\/aimdentgmbh.de\/about-us\/\",\"name\":\"About Us - Aimdent Confectionery GmbH\",\"isPartOf\":{\"@id\":\"https:\/\/aimdentgmbh.de\/#website\"},\"datePublished\":\"2017-03-07T13:53:11+00:00\",\"dateModified\":\"2023-05-09T10:12:38+00:00\",\"breadcrumb\":{\"@id\":\"https:\/\/aimdentgmbh.de\/about-us\/#breadcrumb\"},\"inLanguage\":\"de\",\"potentialAction\":[{\"@type\":\"ReadAction\",\"target\":[\"https:\/\/aimdentgmbh.de\/about-us\/\"]}]},{\"@type\":\"BreadcrumbList\",\"@id\":\"https:\/\/aimdentgmbh.de\/about-us\/#breadcrumb\",\"itemListElement\":[{\"@type\":\"ListItem\",\"position\":1,\"name\":\"Home\",\"item\":\"https:\/\/aimdentgmbh.de\/\"},{\"@type\":\"ListItem\",\"position\":2,\"name\":\"About Us\"}]},{\"@type\":\"WebSite\",\"@id\":\"https:\/\/aimdentgmbh.de\/#website\",\"url\":\"https:\/\/aimdentgmbh.de\/\",\"name\":\"Aimdent Confectionery GmbH\",\"description\":\"Aimdent Confectionery GmbH\",\"publisher\":{\"@id\":\"https:\/\/aimdentgmbh.de\/#organization\"},\"potentialAction\":[{\"@type\":\"SearchAction\",\"target\":{\"@type\":\"EntryPoint\",\"urlTemplate\":\"https:\/\/aimdentgmbh.de\/?s={search_term_string}\"},\"query-input\":\"required name=search_term_string\"}],\"inLanguage\":\"de\"},{\"@type\":\"Organization\",\"@id\":\"https:\/\/aimdentgmbh.de\/#organization\",\"name\":\"Aimdent Confectionery GmbH\",\"url\":\"https:\/\/aimdentgmbh.de\/\",\"logo\":{\"@type\":\"ImageObject\",\"inLanguage\":\"de\",\"@id\":\"https:\/\/aimdentgmbh.de\/#\/schema\/logo\/image\/\",\"url\":\"https:\/\/aimdentgmbh.de\/wp-content\/uploads\/2023\/05\/aimdent-logo.png\",\"contentUrl\":\"https:\/\/aimdentgmbh.de\/wp-content\/uploads\/2023\/05\/aimdent-logo.png\",\"width\":240,\"height\":72,\"caption\":\"Aimdent Confectionery GmbH\"},\"image\":{\"@id\":\"https:\/\/aimdentgmbh.de\/#\/schema\/logo\/image\/\"}}]}<\/script>\n<!-- \/ Yoast SEO plugin. -->","yoast_head_json":{"title":"About Us - Aimdent Confectionery GmbH","robots":{"index":"index","follow":"follow","max-snippet":"max-snippet:-1","max-image-preview":"max-image-preview:large","max-video-preview":"max-video-preview:-1"},"canonical":"https:\/\/aimdentgmbh.de\/de\/about-us\/","og_locale":"de_DE","og_type":"article","og_title":"About Us - Aimdent Confectionery GmbH","og_url":"https:\/\/aimdentgmbh.de\/de\/about-us\/","og_site_name":"Aimdent Confectionery GmbH","article_modified_time":"2023-05-09T10:12:38+00:00","twitter_card":"summary_large_image","twitter_misc":{"Gesch\u00e4tzte Lesezeit":"2\u00a0Minuten"},"schema":{"@context":"https:\/\/schema.org","@graph":[{"@type":"WebPage","@id":"https:\/\/aimdentgmbh.de\/about-us\/","url":"https:\/\/aimdentgmbh.de\/about-us\/","name":"About Us - Aimdent Confectionery GmbH","isPartOf":{"@id":"https:\/\/aimdentgmbh.de\/#website"},"datePublished":"2017-03-07T13:53:11+00:00","dateModified":"2023-05-09T10:12:38+00:00","breadcrumb":{"@id":"https:\/\/aimdentgmbh.de\/about-us\/#breadcrumb"},"inLanguage":"de","potentialAction":[{"@type":"ReadAction","target":["https:\/\/aimdentgmbh.de\/about-us\/"]}]},{"@type":"BreadcrumbList","@id":"https:\/\/aimdentgmbh.de\/about-us\/#breadcrumb","itemListElement":[{"@type":"ListItem","position":1,"name":"Home","item":"https:\/\/aimdentgmbh.de\/"},{"@type":"ListItem","position":2,"name":"About Us"}]},{"@type":"WebSite","@id":"https:\/\/aimdentgmbh.de\/#website","url":"https:\/\/aimdentgmbh.de\/","name":"Aimdent Confectionery GmbH","description":"Aimdent Confectionery GmbH","publisher":{"@id":"https:\/\/aimdentgmbh.de\/#organization"},"potentialAction":[{"@type":"SearchAction","target":{"@type":"EntryPoint","urlTemplate":"https:\/\/aimdentgmbh.de\/?s={search_term_string}"},"query-input":"required name=search_term_string"}],"inLanguage":"de"},{"@type":"Organization","@id":"https:\/\/aimdentgmbh.de\/#organization","name":"Aimdent Confectionery GmbH","url":"https:\/\/aimdentgmbh.de\/","logo":{"@type":"ImageObject","inLanguage":"de","@id":"https:\/\/aimdentgmbh.de\/#\/schema\/logo\/image\/","url":"https:\/\/aimdentgmbh.de\/wp-content\/uploads\/2023\/05\/aimdent-logo.png","contentUrl":"https:\/\/aimdentgmbh.de\/wp-content\/uploads\/2023\/05\/aimdent-logo.png","width":240,"height":72,"caption":"Aimdent Confectionery GmbH"},"image":{"@id":"https:\/\/aimdentgmbh.de\/#\/schema\/logo\/image\/"}}]}},"_links":{"self":[{"href":"https:\/\/aimdentgmbh.de\/de\/wp-json\/wp\/v2\/pages\/8580","targetHints":{"allow":["GET"]}}],"collection":[{"href":"https:\/\/aimdentgmbh.de\/de\/wp-json\/wp\/v2\/pages"}],"about":[{"href":"https:\/\/aimdentgmbh.de\/de\/wp-json\/wp\/v2\/types\/page"}],"author":[{"embeddable":true,"href":"https:\/\/aimdentgmbh.de\/de\/wp-json\/wp\/v2\/users\/1"}],"replies":[{"embeddable":true,"href":"https:\/\/aimdentgmbh.de\/de\/wp-json\/wp\/v2\/comments?post=8580"}],"version-history":[{"count":30,"href":"https:\/\/aimdentgmbh.de\/de\/wp-json\/wp\/v2\/pages\/8580\/revisions"}],"predecessor-version":[{"id":11731,"href":"https:\/\/aimdentgmbh.de\/de\/wp-json\/wp\/v2\/pages\/8580\/revisions\/11731"}],"wp:attachment":[{"href":"https:\/\/aimdentgmbh.de\/de\/wp-json\/wp\/v2\/media?parent=8580"}],"curies":[{"name":"wp","href":"https:\/\/api.w.org\/{rel}","templated":true}]}}