{"id":8737,"date":"2017-03-08T10:30:53","date_gmt":"2017-03-08T10:30:53","guid":{"rendered":"http:\/\/baker.edge-themes.com\/?page_id=8737"},"modified":"2023-05-08T20:55:17","modified_gmt":"2023-05-08T20:55:17","slug":"contact-us","status":"publish","type":"page","link":"https:\/\/aimdentgmbh.de\/de\/contact-us\/","title":{"rendered":"KONTAKT"},"content":{"rendered":"<section class=\"wpb-content-wrapper\"><div class=\"edgtf-row-grid-section\"><div class=\"vc_row wpb_row vc_row-fluid vc_custom_1490867016043\"><div class=\"wpb_column vc_column_container vc_col-sm-12\"><div class=\"vc_column-inner\"><div class=\"wpb_wrapper\"><div class=\"edgtf-section-title-holder\" style=\"text-align: center\">\n\t\t\t\t\t<h2 class=\"edgtf-st-title\" style=\"color: #303030;font-weight: 600\">\n\t\t\t<span>In Kontakt Kommen<\/span>\n\t\t<\/h2>\n\t\t\t\t<p class=\"edgtf-st-text\" style=\"color: #666666;font-size: 16.05px;line-height: 30.09px;font-weight: 300;margin-top: 26px\">Nur einen Klick von Ihnen entfernt, wir warten darauf, dass Sie uns kontaktieren<\/p>\n\t<\/div><div class=\"vc_empty_space\"   style=\"height: 16px\"><span class=\"vc_empty_space_inner\"><\/span><\/div>\n\t<div class=\"wpb_text_column wpb_content_element  wpb_animate_when_almost_visible wpb_fadeInDown fadeInDown\" >\n\t\t<div class=\"wpb_wrapper\">\n\t\t\t<p style=\"text-align: center;\">Hallo. Sie k\u00f6nnen diese Seite verwenden, um uns zu kontaktieren. Wenn Sie Fragen, Feedback oder Anfragen haben, f\u00fcllen Sie bitte das folgende Formular aus. Wir versprechen, so schnell wie m\u00f6glich zu antworten.<\/p>\n<p style=\"text-align: center;\">Sie k\u00f6nnen uns auch direkt per E-Mail oder Telefon erreichen. Wir lieben den Austausch mit unseren Kunden \u00fcber alle Kommunikationskan\u00e4le und helfen Ihnen gerne weiter<\/p>\n\n\t\t<\/div>\n\t<\/div>\n<\/div><\/div><\/div><\/div><\/div><div class=\"edgtf-row-grid-section\"><div class=\"vc_row wpb_row vc_row-fluid vc_custom_1490867016043\"><div class=\"wpb_column vc_column_container vc_col-sm-6\"><div class=\"vc_column-inner\"><div class=\"wpb_wrapper\"><div class=\"edgtf-iwt clearfix edgtf-iwt-icon-left edgtf-iwt-icon-medium\">\n\t<div class=\"edgtf-iwt-icon\">\n\t\t\t\t\t\t\t\t\t    <span class=\"edgtf-icon-shortcode edgtf-normal edgtf-icon-medium\"  >\n                    <i class=\"edgtf-icon-font-awesome fa fa-address-card edgtf-icon-element\" style=\"\" ><\/i>            <\/span>\n\t\t\t\t\t\t<\/div>\n\t<div class=\"edgtf-iwt-content\" >\n\t\t\t\t\t<h4 class=\"edgtf-iwt-title\" >\n\t\t\t\t\t\t\t\t<span class=\"edgtf-iwt-title-text\">ADRESSE<\/span>\n\t\t\t\t\t\t\t<\/h4>\n\t\t\t\t\t\t\t<p class=\"edgtf-iwt-text\" >Mariaweilerstr 28-30,52349\/D\u00fcren\/GERMANY<\/p>\n\t\t\t<\/div>\n<\/div><div class=\"vc_empty_space\"   style=\"height: 32px\"><span class=\"vc_empty_space_inner\"><\/span><\/div><div class=\"edgtf-iwt clearfix edgtf-iwt-icon-left edgtf-iwt-icon-medium\">\n\t<div class=\"edgtf-iwt-icon\">\n\t\t\t\t\t<a itemprop=\"url\" href=\"tel: 491729406363\" target=\"_self\">\n\t\t\t\t\t\t\t\t\t    <span class=\"edgtf-icon-shortcode edgtf-normal edgtf-icon-medium\"  >\n                    <i class=\"edgtf-icon-font-awesome fa fa-phone edgtf-icon-element\" style=\"\" ><\/i>            <\/span>\n\t\t\t\t\t\t\t\t<\/a>\n\t\t\t<\/div>\n\t<div class=\"edgtf-iwt-content\" >\n\t\t\t\t\t<h4 class=\"edgtf-iwt-title\" >\n\t\t\t\t\t\t\t\t\t<a itemprop=\"url\" href=\"tel: 491729406363\" target=\"_self\">\n\t\t\t\t\t\t\t\t<span class=\"edgtf-iwt-title-text\">TELEFON<\/span>\n\t\t\t\t\t\t\t\t\t<\/a>\n\t\t\t\t\t\t\t<\/h4>\n\t\t\t\t\t\t\t<p class=\"edgtf-iwt-text\" >+49 (172) 940 6363<\/p>\n\t\t\t<\/div>\n<\/div><div class=\"vc_empty_space\"   style=\"height: 32px\"><span class=\"vc_empty_space_inner\"><\/span><\/div><div class=\"edgtf-iwt clearfix edgtf-iwt-icon-left edgtf-iwt-icon-medium\">\n\t<div class=\"edgtf-iwt-icon\">\n\t\t\t\t\t<a itemprop=\"url\" href=\"mailto:aimdent@aimdentgmbh.de\" target=\"_self\">\n\t\t\t\t\t\t\t\t\t    <span class=\"edgtf-icon-shortcode edgtf-normal edgtf-icon-medium\"  >\n                    <span aria-hidden=\"true\" class=\"edgtf-icon-font-elegant icon_mail edgtf-icon-element\" style=\"\" ><\/span>            <\/span>\n\t\t\t\t\t\t\t\t<\/a>\n\t\t\t<\/div>\n\t<div class=\"edgtf-iwt-content\" >\n\t\t\t\t\t<h4 class=\"edgtf-iwt-title\" >\n\t\t\t\t\t\t\t\t\t<a itemprop=\"url\" href=\"mailto:aimdent@aimdentgmbh.de\" target=\"_self\">\n\t\t\t\t\t\t\t\t<span class=\"edgtf-iwt-title-text\">EMAIL<\/span>\n\t\t\t\t\t\t\t\t\t<\/a>\n\t\t\t\t\t\t\t<\/h4>\n\t\t\t\t\t\t\t<p class=\"edgtf-iwt-text\" >aimdent@aimdentgmbh.de<\/p>\n\t\t\t<\/div>\n<\/div><\/div><\/div><\/div><div class=\"wpb_column vc_column_container vc_col-sm-6\"><div class=\"vc_column-inner\"><div class=\"wpb_wrapper\">\n<div class=\"wpcf7 no-js\" id=\"wpcf7-f8741-o1\" lang=\"en-US\" dir=\"ltr\">\n<div class=\"screen-reader-response\"><p role=\"status\" aria-live=\"polite\" aria-atomic=\"true\"><\/p> <ul><\/ul><\/div>\n<form action=\"\/de\/wp-json\/wp\/v2\/pages\/8737#wpcf7-f8741-o1\" method=\"post\" class=\"wpcf7-form init\" aria-label=\"Contact form\" novalidate=\"novalidate\" data-status=\"init\" data-trp-original-action=\"\/de\/wp-json\/wp\/v2\/pages\/8737#wpcf7-f8741-o1\">\n<div style=\"display: none;\">\n<input type=\"hidden\" name=\"_wpcf7\" value=\"8741\" \/>\n<input type=\"hidden\" name=\"_wpcf7_version\" value=\"5.7.6\" \/>\n<input type=\"hidden\" name=\"_wpcf7_locale\" value=\"en_US\" \/>\n<input type=\"hidden\" name=\"_wpcf7_unit_tag\" value=\"wpcf7-f8741-o1\" \/>\n<input type=\"hidden\" name=\"_wpcf7_container_post\" value=\"0\" \/>\n<input type=\"hidden\" name=\"_wpcf7_posted_data_hash\" value=\"\" \/>\n<\/div>\n<div class=\"edgtf-grid-row edgtf-grid-tiny-gutter clearfix\">\n\t<div class=\"edgtf-grid-col-6\">\n\t\t<p><span class=\"wpcf7-form-control-wrap\" data-name=\"your-name\"><input size=\"40\" class=\"wpcf7-form-control wpcf7-text wpcf7-validates-as-required\" aria-required=\"true\" aria-invalid=\"false\" placeholder=\"Name\" value=\"\" type=\"text\" name=\"your-name\" \/><\/span>\n\t\t<\/p>\n\t<\/div>\n\t<div class=\"edgtf-grid-col-6\">\n\t\t<p><span class=\"wpcf7-form-control-wrap\" data-name=\"your-email\"><input size=\"40\" class=\"wpcf7-form-control wpcf7-text wpcf7-email wpcf7-validates-as-required wpcf7-validates-as-email\" aria-required=\"true\" aria-invalid=\"false\" placeholder=\"E-Mail-Addresse\" value=\"\" type=\"email\" name=\"your-email\" \/><\/span>\n\t\t<\/p>\n\t<\/div>\n<\/div>\n<div class=\"edgtf-grid-row edgtf-grid-tiny-gutter clearfix\">\n\t<div class=\"edgtf-grid-col-12\">\n\t\t<p><span class=\"wpcf7-form-control-wrap\" data-name=\"your-subject\"><input size=\"40\" class=\"wpcf7-form-control wpcf7-text wpcf7-validates-as-required\" aria-required=\"true\" aria-invalid=\"false\" placeholder=\"Thema\" value=\"\" type=\"text\" name=\"your-subject\" \/><\/span>\n\t\t<\/p>\n\t<\/div>\n<\/div>\n<div class=\"edgtf-grid-row edgtf-grid-tiny-gutter clearfix\">\n\t<div class=\"edgtf-grid-col-12\">\n\t\t<p><span class=\"wpcf7-form-control-wrap\" data-name=\"your-message\"><textarea cols=\"40\" rows=\"8\" class=\"wpcf7-form-control wpcf7-textarea wpcf7-validates-as-required\" aria-required=\"true\" aria-invalid=\"false\" placeholder=\"Nachricht senden\" name=\"your-message\"><\/textarea><\/span>\n\t\t<\/p>\n\t<\/div>\n<\/div>\n<p><input class=\"wpcf7-form-control has-spinner wpcf7-submit\" type=\"submit\" value=\"Nachricht senden\" \/>\n<\/p><div class=\"wpcf7-response-output\" aria-hidden=\"true\"><\/div>\n<input type=\"hidden\" name=\"trp-form-language\" value=\"de\"\/><\/form>\n<\/div>\n<\/div><\/div><\/div><\/div><\/div>\n<\/section>","protected":false},"excerpt":{"rendered":"Get in Touch Just a Click Away from You, We&#039;re Waiting for You to Contact Us Hello You can use this page to contact us. If you have any questions, feedback\u00a0 or requests, please fill out the form below. We [...]","protected":false},"author":1,"featured_media":0,"parent":0,"menu_order":0,"comment_status":"closed","ping_status":"closed","template":"full-width.php","meta":{"footnotes":""},"class_list":["post-8737","page","type-page","status-publish","hentry"],"yoast_head":"<!-- This site is optimized with the Yoast SEO plugin v20.7 - https:\/\/yoast.com\/wordpress\/plugins\/seo\/ -->\n<title>Contact Us - Aimdent Confectionery GmbH<\/title>\n<meta name=\"robots\" content=\"index, follow, max-snippet:-1, max-image-preview:large, max-video-preview:-1\" \/>\n<link rel=\"canonical\" href=\"https:\/\/aimdentgmbh.de\/de\/contact-us\/\" \/>\n<meta property=\"og:locale\" content=\"de_DE\" \/>\n<meta property=\"og:type\" content=\"article\" \/>\n<meta property=\"og:title\" content=\"Contact Us - Aimdent Confectionery GmbH\" \/>\n<meta property=\"og:url\" content=\"https:\/\/aimdentgmbh.de\/de\/contact-us\/\" \/>\n<meta property=\"og:site_name\" content=\"Aimdent Confectionery GmbH\" \/>\n<meta property=\"article:modified_time\" content=\"2023-05-08T20:55:17+00:00\" \/>\n<meta name=\"twitter:card\" content=\"summary_large_image\" \/>\n<meta name=\"twitter:label1\" content=\"Gesch\u00e4tzte Lesezeit\" \/>\n\t<meta name=\"twitter:data1\" content=\"1\u00a0Minute\" \/>\n<script type=\"application\/ld+json\" class=\"yoast-schema-graph\">{\"@context\":\"https:\/\/schema.org\",\"@graph\":[{\"@type\":\"WebPage\",\"@id\":\"https:\/\/aimdentgmbh.de\/contact-us\/\",\"url\":\"https:\/\/aimdentgmbh.de\/contact-us\/\",\"name\":\"Contact Us - Aimdent Confectionery GmbH\",\"isPartOf\":{\"@id\":\"https:\/\/aimdentgmbh.de\/#website\"},\"datePublished\":\"2017-03-08T10:30:53+00:00\",\"dateModified\":\"2023-05-08T20:55:17+00:00\",\"breadcrumb\":{\"@id\":\"https:\/\/aimdentgmbh.de\/contact-us\/#breadcrumb\"},\"inLanguage\":\"de\",\"potentialAction\":[{\"@type\":\"ReadAction\",\"target\":[\"https:\/\/aimdentgmbh.de\/contact-us\/\"]}]},{\"@type\":\"BreadcrumbList\",\"@id\":\"https:\/\/aimdentgmbh.de\/contact-us\/#breadcrumb\",\"itemListElement\":[{\"@type\":\"ListItem\",\"position\":1,\"name\":\"Home\",\"item\":\"https:\/\/aimdentgmbh.de\/\"},{\"@type\":\"ListItem\",\"position\":2,\"name\":\"Contact Us\"}]},{\"@type\":\"WebSite\",\"@id\":\"https:\/\/aimdentgmbh.de\/#website\",\"url\":\"https:\/\/aimdentgmbh.de\/\",\"name\":\"Aimdent Confectionery GmbH\",\"description\":\"Aimdent Confectionery GmbH\",\"publisher\":{\"@id\":\"https:\/\/aimdentgmbh.de\/#organization\"},\"potentialAction\":[{\"@type\":\"SearchAction\",\"target\":{\"@type\":\"EntryPoint\",\"urlTemplate\":\"https:\/\/aimdentgmbh.de\/?s={search_term_string}\"},\"query-input\":\"required name=search_term_string\"}],\"inLanguage\":\"de\"},{\"@type\":\"Organization\",\"@id\":\"https:\/\/aimdentgmbh.de\/#organization\",\"name\":\"Aimdent Confectionery GmbH\",\"url\":\"https:\/\/aimdentgmbh.de\/\",\"logo\":{\"@type\":\"ImageObject\",\"inLanguage\":\"de\",\"@id\":\"https:\/\/aimdentgmbh.de\/#\/schema\/logo\/image\/\",\"url\":\"https:\/\/aimdentgmbh.de\/wp-content\/uploads\/2023\/05\/aimdent-logo.png\",\"contentUrl\":\"https:\/\/aimdentgmbh.de\/wp-content\/uploads\/2023\/05\/aimdent-logo.png\",\"width\":240,\"height\":72,\"caption\":\"Aimdent Confectionery GmbH\"},\"image\":{\"@id\":\"https:\/\/aimdentgmbh.de\/#\/schema\/logo\/image\/\"}}]}<\/script>\n<!-- \/ Yoast SEO plugin. -->","yoast_head_json":{"title":"Contact Us - Aimdent Confectionery GmbH","robots":{"index":"index","follow":"follow","max-snippet":"max-snippet:-1","max-image-preview":"max-image-preview:large","max-video-preview":"max-video-preview:-1"},"canonical":"https:\/\/aimdentgmbh.de\/de\/contact-us\/","og_locale":"de_DE","og_type":"article","og_title":"Contact Us - Aimdent Confectionery GmbH","og_url":"https:\/\/aimdentgmbh.de\/de\/contact-us\/","og_site_name":"Aimdent Confectionery GmbH","article_modified_time":"2023-05-08T20:55:17+00:00","twitter_card":"summary_large_image","twitter_misc":{"Gesch\u00e4tzte Lesezeit":"1\u00a0Minute"},"schema":{"@context":"https:\/\/schema.org","@graph":[{"@type":"WebPage","@id":"https:\/\/aimdentgmbh.de\/contact-us\/","url":"https:\/\/aimdentgmbh.de\/contact-us\/","name":"Contact Us - Aimdent Confectionery GmbH","isPartOf":{"@id":"https:\/\/aimdentgmbh.de\/#website"},"datePublished":"2017-03-08T10:30:53+00:00","dateModified":"2023-05-08T20:55:17+00:00","breadcrumb":{"@id":"https:\/\/aimdentgmbh.de\/contact-us\/#breadcrumb"},"inLanguage":"de","potentialAction":[{"@type":"ReadAction","target":["https:\/\/aimdentgmbh.de\/contact-us\/"]}]},{"@type":"BreadcrumbList","@id":"https:\/\/aimdentgmbh.de\/contact-us\/#breadcrumb","itemListElement":[{"@type":"ListItem","position":1,"name":"Home","item":"https:\/\/aimdentgmbh.de\/"},{"@type":"ListItem","position":2,"name":"Contact Us"}]},{"@type":"WebSite","@id":"https:\/\/aimdentgmbh.de\/#website","url":"https:\/\/aimdentgmbh.de\/","name":"Aimdent Confectionery GmbH","description":"Aimdent Confectionery GmbH","publisher":{"@id":"https:\/\/aimdentgmbh.de\/#organization"},"potentialAction":[{"@type":"SearchAction","target":{"@type":"EntryPoint","urlTemplate":"https:\/\/aimdentgmbh.de\/?s={search_term_string}"},"query-input":"required name=search_term_string"}],"inLanguage":"de"},{"@type":"Organization","@id":"https:\/\/aimdentgmbh.de\/#organization","name":"Aimdent Confectionery GmbH","url":"https:\/\/aimdentgmbh.de\/","logo":{"@type":"ImageObject","inLanguage":"de","@id":"https:\/\/aimdentgmbh.de\/#\/schema\/logo\/image\/","url":"https:\/\/aimdentgmbh.de\/wp-content\/uploads\/2023\/05\/aimdent-logo.png","contentUrl":"https:\/\/aimdentgmbh.de\/wp-content\/uploads\/2023\/05\/aimdent-logo.png","width":240,"height":72,"caption":"Aimdent Confectionery GmbH"},"image":{"@id":"https:\/\/aimdentgmbh.de\/#\/schema\/logo\/image\/"}}]}},"_links":{"self":[{"href":"https:\/\/aimdentgmbh.de\/de\/wp-json\/wp\/v2\/pages\/8737","targetHints":{"allow":["GET"]}}],"collection":[{"href":"https:\/\/aimdentgmbh.de\/de\/wp-json\/wp\/v2\/pages"}],"about":[{"href":"https:\/\/aimdentgmbh.de\/de\/wp-json\/wp\/v2\/types\/page"}],"author":[{"embeddable":true,"href":"https:\/\/aimdentgmbh.de\/de\/wp-json\/wp\/v2\/users\/1"}],"replies":[{"embeddable":true,"href":"https:\/\/aimdentgmbh.de\/de\/wp-json\/wp\/v2\/comments?post=8737"}],"version-history":[{"count":15,"href":"https:\/\/aimdentgmbh.de\/de\/wp-json\/wp\/v2\/pages\/8737\/revisions"}],"predecessor-version":[{"id":11606,"href":"https:\/\/aimdentgmbh.de\/de\/wp-json\/wp\/v2\/pages\/8737\/revisions\/11606"}],"wp:attachment":[{"href":"https:\/\/aimdentgmbh.de\/de\/wp-json\/wp\/v2\/media?parent=8737"}],"curies":[{"name":"wp","href":"https:\/\/api.w.org\/{rel}","templated":true}]}}